{"id":1386,"date":"2026-05-05T23:50:42","date_gmt":"2026-05-05T21:50:42","guid":{"rendered":"https:\/\/ascla-ambialet.fr\/?page_id=1386"},"modified":"2026-05-06T00:26:23","modified_gmt":"2026-05-05T22:26:23","slug":"concours","status":"publish","type":"page","link":"https:\/\/ascla-ambialet.fr\/index.php\/concours\/","title":{"rendered":"Concours Maisons Fleuries"},"content":{"rendered":"\t\t<div data-elementor-type=\"wp-page\" data-elementor-id=\"1386\" class=\"elementor elementor-1386\">\n\t\t\t\t<div class=\"elementor-element elementor-element-acc598b e-flex e-con-boxed e-con e-parent\" data-id=\"acc598b\" data-element_type=\"container\">\n\t\t\t\t\t<div class=\"e-con-inner\">\n\t\t\t\t<div class=\"elementor-element elementor-element-bd54953 elementor-widget__width-initial elementor-widget elementor-widget-heading\" data-id=\"bd54953\" data-element_type=\"widget\" data-widget_type=\"heading.default\">\n\t\t\t\t<div class=\"elementor-widget-container\">\n\t\t\t\t\t<h1 class=\"elementor-heading-title elementor-size-default\">Concours des Maisons Fleuries <\/h1>\t\t\t\t<\/div>\n\t\t\t\t<\/div>\n\t\t\t\t\t<\/div>\n\t\t\t\t<\/div>\n\t\t<div class=\"elementor-element elementor-element-2e8186c e-flex e-con-boxed e-con e-parent\" data-id=\"2e8186c\" data-element_type=\"container\">\n\t\t\t\t\t<div class=\"e-con-inner\">\n\t\t\t\t<div class=\"elementor-element elementor-element-d2a9ccb elementor-widget elementor-widget-spacer\" data-id=\"d2a9ccb\" data-element_type=\"widget\" data-widget_type=\"spacer.default\">\n\t\t\t\t<div class=\"elementor-widget-container\">\n\t\t\t\t\t\t\t<div class=\"elementor-spacer\">\n\t\t\t<div class=\"elementor-spacer-inner\"><\/div>\n\t\t<\/div>\n\t\t\t\t\t\t<\/div>\n\t\t\t\t<\/div>\n\t\t\t\t\t<\/div>\n\t\t\t\t<\/div>\n\t\t<div class=\"elementor-element elementor-element-596479e e-flex e-con-boxed e-con e-parent\" data-id=\"596479e\" data-element_type=\"container\">\n\t\t\t\t\t<div class=\"e-con-inner\">\n\t\t<div class=\"elementor-element elementor-element-d2a270f e-con-full e-flex e-con e-child\" data-id=\"d2a270f\" data-element_type=\"container\">\n\t\t\t\t<div class=\"elementor-element elementor-element-54b678a elementor-widget elementor-widget-image\" data-id=\"54b678a\" data-element_type=\"widget\" data-widget_type=\"image.default\">\n\t\t\t\t<div class=\"elementor-widget-container\">\n\t\t\t\t\t\t\t\t\t\t\t\t\t\t\t<img fetchpriority=\"high\" decoding=\"async\" width=\"794\" height=\"1123\" src=\"https:\/\/ascla-ambialet.fr\/wp-content\/uploads\/2026\/05\/Maisons-fleuries-Ambialet-1.jpg\" class=\"attachment-full size-full wp-image-1388\" alt=\"\" srcset=\"https:\/\/ascla-ambialet.fr\/wp-content\/uploads\/2026\/05\/Maisons-fleuries-Ambialet-1.jpg 794w, https:\/\/ascla-ambialet.fr\/wp-content\/uploads\/2026\/05\/Maisons-fleuries-Ambialet-1-212x300.jpg 212w, https:\/\/ascla-ambialet.fr\/wp-content\/uploads\/2026\/05\/Maisons-fleuries-Ambialet-1-724x1024.jpg 724w, https:\/\/ascla-ambialet.fr\/wp-content\/uploads\/2026\/05\/Maisons-fleuries-Ambialet-1-768x1086.jpg 768w\" sizes=\"(max-width: 794px) 100vw, 794px\" \/>\t\t\t\t\t\t\t\t\t\t\t\t\t\t\t<\/div>\n\t\t\t\t<\/div>\n\t\t\t\t<\/div>\n\t\t<div class=\"elementor-element elementor-element-86af18e e-con-full e-flex e-con e-child\" data-id=\"86af18e\" data-element_type=\"container\">\n\t\t<div class=\"elementor-element elementor-element-3d30c88 e-con-full e-flex e-con e-child\" data-id=\"3d30c88\" data-element_type=\"container\">\n\t\t\t\t<div class=\"elementor-element elementor-element-c9f39dd elementor-widget elementor-widget-text-editor\" data-id=\"c9f39dd\" data-element_type=\"widget\" data-widget_type=\"text-editor.default\">\n\t\t\t\t<div class=\"elementor-widget-container\">\n\t\t\t\t\t\t\t\t\t<h3>\ud83c\udf38<strong> Faites rayonner Ambialet : le concours des Maisons Fleuries est de retour !\u00a0<\/strong><\/h3><h6>En 2026, l&rsquo;A.S.C.L.A. relance son Concours des Maisons Fleuries, pour c\u00e9l\u00e9brer votre cr\u00e9ativit\u00e9.<\/h6><h6 data-start=\"870\" data-end=\"1082\">Que vous soyez passionn\u00e9 de jardinage ou simple amateur de jolies compositions, ce rendez-vous est fait pour vous !<\/h6><ul><li><h6><strong>C&rsquo;est pour qui ?<\/strong> Tout le monde ! C&rsquo;est gratuit et ouvert \u00e0 tous les habitants.<\/h6><\/li><li><h6><strong>Le concept ?<\/strong> Mettre en lumi\u00e8re vos jardins, balcons, fa\u00e7ades ou petits coins de verdure qui font le charme d\u2019Ambialet.<\/h6><\/li><li><h6><strong>L&rsquo;esprit ?<\/strong> De la convivialit\u00e9, du partage et un clin d\u2019\u0153il \u00e0 notre belle plan\u00e8te avec des pratiques respectueuses de l\u2019environnement.<\/h6><\/li><\/ul><h6>Pas besoin d&rsquo;\u00eatre un pro pour participer, seule l&rsquo;envie de rendre notre village encore plus beau compte !<\/h6><h6 data-start=\"1084\" data-end=\"1211\">\ud83d\udc49 Consultez le r\u00e8glement du concours ci-dessous et n\u2019oubliez pas de t\u00e9l\u00e9charger votre bulletin d\u2019inscription pour participer !<\/h6>\t\t\t\t\t\t\t\t<\/div>\n\t\t\t\t<\/div>\n\t\t\t\t<\/div>\n\t\t<div class=\"elementor-element elementor-element-ecda014 e-con-full e-flex e-con e-child\" data-id=\"ecda014\" data-element_type=\"container\">\n\t\t\t\t<div class=\"elementor-element elementor-element-a723dd0 elementor-widget elementor-widget-button\" data-id=\"a723dd0\" data-element_type=\"widget\" data-widget_type=\"button.default\">\n\t\t\t\t<div class=\"elementor-widget-container\">\n\t\t\t\t\t\t\t\t\t<div class=\"elementor-button-wrapper\">\n\t\t\t\t\t<a class=\"elementor-button elementor-button-link elementor-size-sm\" href=\"https:\/\/ascla-ambialet.fr\/wp-content\/uploads\/2026\/05\/Reglement-2026-1.pdf\">\n\t\t\t\t\t\t<span class=\"elementor-button-content-wrapper\">\n\t\t\t\t\t\t<span class=\"elementor-button-icon\">\n\t\t\t\t<svg aria-hidden=\"true\" class=\"e-font-icon-svg e-fas-book-reader\" viewBox=\"0 0 512 512\" xmlns=\"http:\/\/www.w3.org\/2000\/svg\"><path d=\"M352 96c0-53.02-42.98-96-96-96s-96 42.98-96 96 42.98 96 96 96 96-42.98 96-96zM233.59 241.1c-59.33-36.32-155.43-46.3-203.79-49.05C13.55 191.13 0 203.51 0 219.14v222.8c0 14.33 11.59 26.28 26.49 27.05 43.66 2.29 131.99 10.68 193.04 41.43 9.37 4.72 20.48-1.71 20.48-11.87V252.56c-.01-4.67-2.32-8.95-6.42-11.46zm248.61-49.05c-48.35 2.74-144.46 12.73-203.78 49.05-4.1 2.51-6.41 6.96-6.41 11.63v245.79c0 10.19 11.14 16.63 20.54 11.9 61.04-30.72 149.32-39.11 192.97-41.4 14.9-.78 26.49-12.73 26.49-27.06V219.14c-.01-15.63-13.56-28.01-29.81-27.09z\"><\/path><\/svg>\t\t\t<\/span>\n\t\t\t\t\t\t\t\t\t<span class=\"elementor-button-text\">R\u00e8glement 2026<\/span>\n\t\t\t\t\t<\/span>\n\t\t\t\t\t<\/a>\n\t\t\t\t<\/div>\n\t\t\t\t\t\t\t\t<\/div>\n\t\t\t\t<\/div>\n\t\t\t\t<div class=\"elementor-element elementor-element-7828dc9 elementor-widget elementor-widget-button\" data-id=\"7828dc9\" data-element_type=\"widget\" data-widget_type=\"button.default\">\n\t\t\t\t<div class=\"elementor-widget-container\">\n\t\t\t\t\t\t\t\t\t<div class=\"elementor-button-wrapper\">\n\t\t\t\t\t<a class=\"elementor-button elementor-button-link elementor-size-sm\" href=\"https:\/\/ascla-ambialet.fr\/wp-content\/uploads\/2026\/05\/Inscription-1.pdf\">\n\t\t\t\t\t\t<span class=\"elementor-button-content-wrapper\">\n\t\t\t\t\t\t<span class=\"elementor-button-icon\">\n\t\t\t\t<svg aria-hidden=\"true\" class=\"e-font-icon-svg e-fas-pencil-alt\" viewBox=\"0 0 512 512\" xmlns=\"http:\/\/www.w3.org\/2000\/svg\"><path d=\"M497.9 142.1l-46.1 46.1c-4.7 4.7-12.3 4.7-17 0l-111-111c-4.7-4.7-4.7-12.3 0-17l46.1-46.1c18.7-18.7 49.1-18.7 67.9 0l60.1 60.1c18.8 18.7 18.8 49.1 0 67.9zM284.2 99.8L21.6 362.4.4 483.9c-2.9 16.4 11.4 30.6 27.8 27.8l121.5-21.3 262.6-262.6c4.7-4.7 4.7-12.3 0-17l-111-111c-4.8-4.7-12.4-4.7-17.1 0zM124.1 339.9c-5.5-5.5-5.5-14.3 0-19.8l154-154c5.5-5.5 14.3-5.5 19.8 0s5.5 14.3 0 19.8l-154 154c-5.5 5.5-14.3 5.5-19.8 0zM88 424h48v36.3l-64.5 11.3-31.1-31.1L51.7 376H88v48z\"><\/path><\/svg>\t\t\t<\/span>\n\t\t\t\t\t\t\t\t\t<span class=\"elementor-button-text\">Bulletin d'adh\u00e9sion<\/span>\n\t\t\t\t\t<\/span>\n\t\t\t\t\t<\/a>\n\t\t\t\t<\/div>\n\t\t\t\t\t\t\t\t<\/div>\n\t\t\t\t<\/div>\n\t\t\t\t<\/div>\n\t\t\t\t<\/div>\n\t\t\t\t\t<\/div>\n\t\t\t\t<\/div>\n\t\t<div class=\"elementor-element elementor-element-98a8076 e-flex e-con-boxed e-con e-parent\" data-id=\"98a8076\" data-element_type=\"container\">\n\t\t\t\t\t<div class=\"e-con-inner\">\n\t\t\t\t\t<\/div>\n\t\t\t\t<\/div>\n\t\t<div class=\"elementor-element elementor-element-d132b36 e-flex e-con-boxed e-con e-parent\" data-id=\"d132b36\" data-element_type=\"container\">\n\t\t\t\t\t<div class=\"e-con-inner\">\n\t\t<div class=\"elementor-element elementor-element-1014372 e-con-full e-flex e-con e-child\" data-id=\"1014372\" data-element_type=\"container\">\n\t\t\t\t<\/div>\n\t\t<div class=\"elementor-element elementor-element-69479e7 e-con-full e-flex e-con e-child\" data-id=\"69479e7\" data-element_type=\"container\">\n\t\t\t\t<\/div>\n\t\t\t\t\t<\/div>\n\t\t\t\t<\/div>\n\t\t\t\t<\/div>\n\t\t","protected":false},"excerpt":{"rendered":"<p>Concours des Maisons Fleuries \ud83c\udf38 Faites rayonner Ambialet : le concours des Maisons Fleuries est de retour !\u00a0 En 2026, l&rsquo;A.S.C.L.A. relance son Concours des Maisons Fleuries, pour c\u00e9l\u00e9brer votre cr\u00e9ativit\u00e9. Que vous soyez passionn\u00e9 de jardinage ou simple amateur de jolies compositions, ce rendez-vous est fait pour vous ! [&hellip;]<\/p>\n","protected":false},"author":1,"featured_media":0,"parent":0,"menu_order":0,"comment_status":"closed","ping_status":"closed","template":"page-templates\/template-pagebuilder-full-width.php","meta":{"footnotes":""},"class_list":["post-1386","page","type-page","status-publish","hentry"],"yoast_head":"<!-- This site is optimized with the Yoast SEO plugin v26.1.1 - https:\/\/yoast.com\/wordpress\/plugins\/seo\/ -->\n<title>Concours Maisons Fleuries - ASCLA<\/title>\n<meta name=\"robots\" content=\"index, follow, max-snippet:-1, max-image-preview:large, max-video-preview:-1\" \/>\n<link rel=\"canonical\" href=\"https:\/\/ascla-ambialet.fr\/index.php\/concours\/\" \/>\n<meta property=\"og:locale\" content=\"fr_FR\" \/>\n<meta property=\"og:type\" content=\"article\" \/>\n<meta property=\"og:title\" content=\"Concours Maisons Fleuries - ASCLA\" \/>\n<meta property=\"og:description\" content=\"Concours des Maisons Fleuries \ud83c\udf38 Faites rayonner Ambialet : le concours des Maisons Fleuries est de retour !\u00a0 En 2026, l&rsquo;A.S.C.L.A. relance son Concours des Maisons Fleuries, pour c\u00e9l\u00e9brer votre cr\u00e9ativit\u00e9. Que vous soyez passionn\u00e9 de jardinage ou simple amateur de jolies compositions, ce rendez-vous est fait pour vous ! [&hellip;]\" \/>\n<meta property=\"og:url\" content=\"https:\/\/ascla-ambialet.fr\/index.php\/concours\/\" \/>\n<meta property=\"og:site_name\" content=\"ASCLA\" \/>\n<meta property=\"article:modified_time\" content=\"2026-05-05T22:26:23+00:00\" \/>\n<meta property=\"og:image\" content=\"https:\/\/ascla-ambialet.fr\/wp-content\/uploads\/2026\/05\/Maisons-fleuries-Ambialet-1.jpg\" \/>\n<meta name=\"twitter:card\" content=\"summary_large_image\" \/>\n<meta name=\"twitter:label1\" content=\"Dur\u00e9e de lecture estim\u00e9e\" \/>\n\t<meta name=\"twitter:data1\" content=\"1 minute\" \/>\n<script type=\"application\/ld+json\" class=\"yoast-schema-graph\">{\"@context\":\"https:\/\/schema.org\",\"@graph\":[{\"@type\":\"WebPage\",\"@id\":\"https:\/\/ascla-ambialet.fr\/index.php\/concours\/\",\"url\":\"https:\/\/ascla-ambialet.fr\/index.php\/concours\/\",\"name\":\"Concours Maisons Fleuries - ASCLA\",\"isPartOf\":{\"@id\":\"https:\/\/ascla-ambialet.fr\/#website\"},\"primaryImageOfPage\":{\"@id\":\"https:\/\/ascla-ambialet.fr\/index.php\/concours\/#primaryimage\"},\"image\":{\"@id\":\"https:\/\/ascla-ambialet.fr\/index.php\/concours\/#primaryimage\"},\"thumbnailUrl\":\"https:\/\/ascla-ambialet.fr\/wp-content\/uploads\/2026\/05\/Maisons-fleuries-Ambialet-1.jpg\",\"datePublished\":\"2026-05-05T21:50:42+00:00\",\"dateModified\":\"2026-05-05T22:26:23+00:00\",\"breadcrumb\":{\"@id\":\"https:\/\/ascla-ambialet.fr\/index.php\/concours\/#breadcrumb\"},\"inLanguage\":\"fr-FR\",\"potentialAction\":[{\"@type\":\"ReadAction\",\"target\":[\"https:\/\/ascla-ambialet.fr\/index.php\/concours\/\"]}]},{\"@type\":\"ImageObject\",\"inLanguage\":\"fr-FR\",\"@id\":\"https:\/\/ascla-ambialet.fr\/index.php\/concours\/#primaryimage\",\"url\":\"https:\/\/ascla-ambialet.fr\/wp-content\/uploads\/2026\/05\/Maisons-fleuries-Ambialet-1.jpg\",\"contentUrl\":\"https:\/\/ascla-ambialet.fr\/wp-content\/uploads\/2026\/05\/Maisons-fleuries-Ambialet-1.jpg\",\"width\":794,\"height\":1123},{\"@type\":\"BreadcrumbList\",\"@id\":\"https:\/\/ascla-ambialet.fr\/index.php\/concours\/#breadcrumb\",\"itemListElement\":[{\"@type\":\"ListItem\",\"position\":1,\"name\":\"Accueil\",\"item\":\"https:\/\/ascla-ambialet.fr\/\"},{\"@type\":\"ListItem\",\"position\":2,\"name\":\"Concours Maisons Fleuries\"}]},{\"@type\":\"WebSite\",\"@id\":\"https:\/\/ascla-ambialet.fr\/#website\",\"url\":\"https:\/\/ascla-ambialet.fr\/\",\"name\":\"ASCLA\",\"description\":\"\",\"publisher\":{\"@id\":\"https:\/\/ascla-ambialet.fr\/#organization\"},\"potentialAction\":[{\"@type\":\"SearchAction\",\"target\":{\"@type\":\"EntryPoint\",\"urlTemplate\":\"https:\/\/ascla-ambialet.fr\/?s={search_term_string}\"},\"query-input\":{\"@type\":\"PropertyValueSpecification\",\"valueRequired\":true,\"valueName\":\"search_term_string\"}}],\"inLanguage\":\"fr-FR\"},{\"@type\":\"Organization\",\"@id\":\"https:\/\/ascla-ambialet.fr\/#organization\",\"name\":\"ASCLA\",\"url\":\"https:\/\/ascla-ambialet.fr\/\",\"logo\":{\"@type\":\"ImageObject\",\"inLanguage\":\"fr-FR\",\"@id\":\"https:\/\/ascla-ambialet.fr\/#\/schema\/logo\/image\/\",\"url\":\"https:\/\/ascla-ambialet.fr\/wp-content\/uploads\/2025\/05\/Design-sans-titre11.png\",\"contentUrl\":\"https:\/\/ascla-ambialet.fr\/wp-content\/uploads\/2025\/05\/Design-sans-titre11.png\",\"width\":800,\"height\":800,\"caption\":\"ASCLA\"},\"image\":{\"@id\":\"https:\/\/ascla-ambialet.fr\/#\/schema\/logo\/image\/\"}}]}<\/script>\n<!-- \/ Yoast SEO plugin. -->","yoast_head_json":{"title":"Concours Maisons Fleuries - ASCLA","robots":{"index":"index","follow":"follow","max-snippet":"max-snippet:-1","max-image-preview":"max-image-preview:large","max-video-preview":"max-video-preview:-1"},"canonical":"https:\/\/ascla-ambialet.fr\/index.php\/concours\/","og_locale":"fr_FR","og_type":"article","og_title":"Concours Maisons Fleuries - ASCLA","og_description":"Concours des Maisons Fleuries \ud83c\udf38 Faites rayonner Ambialet : le concours des Maisons Fleuries est de retour !\u00a0 En 2026, l&rsquo;A.S.C.L.A. relance son Concours des Maisons Fleuries, pour c\u00e9l\u00e9brer votre cr\u00e9ativit\u00e9. Que vous soyez passionn\u00e9 de jardinage ou simple amateur de jolies compositions, ce rendez-vous est fait pour vous ! [&hellip;]","og_url":"https:\/\/ascla-ambialet.fr\/index.php\/concours\/","og_site_name":"ASCLA","article_modified_time":"2026-05-05T22:26:23+00:00","og_image":[{"url":"https:\/\/ascla-ambialet.fr\/wp-content\/uploads\/2026\/05\/Maisons-fleuries-Ambialet-1.jpg","type":"","width":"","height":""}],"twitter_card":"summary_large_image","twitter_misc":{"Dur\u00e9e de lecture estim\u00e9e":"1 minute"},"schema":{"@context":"https:\/\/schema.org","@graph":[{"@type":"WebPage","@id":"https:\/\/ascla-ambialet.fr\/index.php\/concours\/","url":"https:\/\/ascla-ambialet.fr\/index.php\/concours\/","name":"Concours Maisons Fleuries - ASCLA","isPartOf":{"@id":"https:\/\/ascla-ambialet.fr\/#website"},"primaryImageOfPage":{"@id":"https:\/\/ascla-ambialet.fr\/index.php\/concours\/#primaryimage"},"image":{"@id":"https:\/\/ascla-ambialet.fr\/index.php\/concours\/#primaryimage"},"thumbnailUrl":"https:\/\/ascla-ambialet.fr\/wp-content\/uploads\/2026\/05\/Maisons-fleuries-Ambialet-1.jpg","datePublished":"2026-05-05T21:50:42+00:00","dateModified":"2026-05-05T22:26:23+00:00","breadcrumb":{"@id":"https:\/\/ascla-ambialet.fr\/index.php\/concours\/#breadcrumb"},"inLanguage":"fr-FR","potentialAction":[{"@type":"ReadAction","target":["https:\/\/ascla-ambialet.fr\/index.php\/concours\/"]}]},{"@type":"ImageObject","inLanguage":"fr-FR","@id":"https:\/\/ascla-ambialet.fr\/index.php\/concours\/#primaryimage","url":"https:\/\/ascla-ambialet.fr\/wp-content\/uploads\/2026\/05\/Maisons-fleuries-Ambialet-1.jpg","contentUrl":"https:\/\/ascla-ambialet.fr\/wp-content\/uploads\/2026\/05\/Maisons-fleuries-Ambialet-1.jpg","width":794,"height":1123},{"@type":"BreadcrumbList","@id":"https:\/\/ascla-ambialet.fr\/index.php\/concours\/#breadcrumb","itemListElement":[{"@type":"ListItem","position":1,"name":"Accueil","item":"https:\/\/ascla-ambialet.fr\/"},{"@type":"ListItem","position":2,"name":"Concours Maisons Fleuries"}]},{"@type":"WebSite","@id":"https:\/\/ascla-ambialet.fr\/#website","url":"https:\/\/ascla-ambialet.fr\/","name":"ASCLA","description":"","publisher":{"@id":"https:\/\/ascla-ambialet.fr\/#organization"},"potentialAction":[{"@type":"SearchAction","target":{"@type":"EntryPoint","urlTemplate":"https:\/\/ascla-ambialet.fr\/?s={search_term_string}"},"query-input":{"@type":"PropertyValueSpecification","valueRequired":true,"valueName":"search_term_string"}}],"inLanguage":"fr-FR"},{"@type":"Organization","@id":"https:\/\/ascla-ambialet.fr\/#organization","name":"ASCLA","url":"https:\/\/ascla-ambialet.fr\/","logo":{"@type":"ImageObject","inLanguage":"fr-FR","@id":"https:\/\/ascla-ambialet.fr\/#\/schema\/logo\/image\/","url":"https:\/\/ascla-ambialet.fr\/wp-content\/uploads\/2025\/05\/Design-sans-titre11.png","contentUrl":"https:\/\/ascla-ambialet.fr\/wp-content\/uploads\/2025\/05\/Design-sans-titre11.png","width":800,"height":800,"caption":"ASCLA"},"image":{"@id":"https:\/\/ascla-ambialet.fr\/#\/schema\/logo\/image\/"}}]}},"_links":{"self":[{"href":"https:\/\/ascla-ambialet.fr\/index.php\/wp-json\/wp\/v2\/pages\/1386","targetHints":{"allow":["GET"]}}],"collection":[{"href":"https:\/\/ascla-ambialet.fr\/index.php\/wp-json\/wp\/v2\/pages"}],"about":[{"href":"https:\/\/ascla-ambialet.fr\/index.php\/wp-json\/wp\/v2\/types\/page"}],"author":[{"embeddable":true,"href":"https:\/\/ascla-ambialet.fr\/index.php\/wp-json\/wp\/v2\/users\/1"}],"replies":[{"embeddable":true,"href":"https:\/\/ascla-ambialet.fr\/index.php\/wp-json\/wp\/v2\/comments?post=1386"}],"version-history":[{"count":14,"href":"https:\/\/ascla-ambialet.fr\/index.php\/wp-json\/wp\/v2\/pages\/1386\/revisions"}],"predecessor-version":[{"id":1411,"href":"https:\/\/ascla-ambialet.fr\/index.php\/wp-json\/wp\/v2\/pages\/1386\/revisions\/1411"}],"wp:attachment":[{"href":"https:\/\/ascla-ambialet.fr\/index.php\/wp-json\/wp\/v2\/media?parent=1386"}],"curies":[{"name":"wp","href":"https:\/\/api.w.org\/{rel}","templated":true}]}}