{"id":195,"date":"2025-06-01T15:06:40","date_gmt":"2025-06-01T13:06:40","guid":{"rendered":"http:\/\/ascla-ambialet.fr\/?page_id=195"},"modified":"2026-03-30T21:10:51","modified_gmt":"2026-03-30T19:10:51","slug":"ravitaillement-marathon-albi-2025-fabas","status":"publish","type":"page","link":"https:\/\/ascla-ambialet.fr\/index.php\/ravitaillement-marathon-albi-2025-fabas\/","title":{"rendered":"Ravitaillement du marathon d&rsquo;Albi"},"content":{"rendered":"\t\t<div data-elementor-type=\"wp-page\" data-elementor-id=\"195\" class=\"elementor elementor-195\">\n\t\t\t\t<div class=\"elementor-element elementor-element-269de29 e-flex e-con-boxed e-con e-parent\" data-id=\"269de29\" data-element_type=\"container\">\n\t\t\t\t\t<div class=\"e-con-inner\">\n\t\t\t\t<div class=\"elementor-element elementor-element-41493ac elementor-widget elementor-widget-spacer\" data-id=\"41493ac\" data-element_type=\"widget\" data-widget_type=\"spacer.default\">\n\t\t\t\t<div class=\"elementor-widget-container\">\n\t\t\t\t\t\t\t<div class=\"elementor-spacer\">\n\t\t\t<div class=\"elementor-spacer-inner\"><\/div>\n\t\t<\/div>\n\t\t\t\t\t\t<\/div>\n\t\t\t\t<\/div>\n\t\t\t\t<div class=\"elementor-element elementor-element-bf5fe19 elementor-widget elementor-widget-heading\" data-id=\"bf5fe19\" data-element_type=\"widget\" data-widget_type=\"heading.default\">\n\t\t\t\t<div class=\"elementor-widget-container\">\n\t\t\t\t\t<h1 class=\"elementor-heading-title elementor-size-default\">Ravitaillement du marathon d'Albi<\/h1>\t\t\t\t<\/div>\n\t\t\t\t<\/div>\n\t\t\t\t<div class=\"elementor-element elementor-element-097911f elementor-widget elementor-widget-spacer\" data-id=\"097911f\" data-element_type=\"widget\" data-widget_type=\"spacer.default\">\n\t\t\t\t<div class=\"elementor-widget-container\">\n\t\t\t\t\t\t\t<div class=\"elementor-spacer\">\n\t\t\t<div class=\"elementor-spacer-inner\"><\/div>\n\t\t<\/div>\n\t\t\t\t\t\t<\/div>\n\t\t\t\t<\/div>\n\t\t\t\t\t<\/div>\n\t\t\t\t<\/div>\n\t\t<div class=\"elementor-element elementor-element-100d5fc e-flex e-con-boxed e-con e-parent\" data-id=\"100d5fc\" data-element_type=\"container\">\n\t\t\t\t\t<div class=\"e-con-inner\">\n\t\t<div class=\"elementor-element elementor-element-d613f09 e-con-full e-flex e-con e-child\" data-id=\"d613f09\" data-element_type=\"container\">\n\t\t\t\t<div class=\"elementor-element elementor-element-666f569 elementor-widget elementor-widget-text-editor\" data-id=\"666f569\" data-element_type=\"widget\" data-widget_type=\"text-editor.default\">\n\t\t\t\t<div class=\"elementor-widget-container\">\n\t\t\t\t\t\t\t\t\t<p data-start=\"453\" data-end=\"838\">Chaque ann\u00e9e, <strong data-start=\"467\" data-end=\"537\">l\u2019ASCLA organise le ravitaillement du Marathon d\u2019Albi \u00e0 Fabas<\/strong> et r\u00e9pond pr\u00e9sente pour soutenir les coureurs de cette \u00e9preuve labellis\u00e9e FFA (F\u00e9d\u00e9ration Fran\u00e7aise d\u2019Athl\u00e9tisme), qui attire plusieurs centaines d\u2019athl\u00e8tes venus de toute la France. L\u2019\u00e9v\u00e9nement comprend un marathon (42,195 km), un semi-marathon, un 10 km, ainsi que des courses solidaires et jeunes.\u00a0Le <strong>ravitaillement du Marathon d\u2019Albi<\/strong> est un moment fort pour les b\u00e9n\u00e9voles et les athl\u00e8tes : il allie sport, solidarit\u00e9 et convivialit\u00e9 au c\u0153ur du Tarn.<\/p><p data-start=\"840\" data-end=\"1161\">Nos b\u00e9n\u00e9voles installent deux stands de ravitaillement \u00e0 Fabas, petit hameau situ\u00e9 \u00e0 environ 20 km du d\u00e9part, dans la premi\u00e8re moiti\u00e9 du parcours. \u00c0 ce stade de la course, les coureurs ont d\u00e9j\u00e0 bien entam\u00e9 leur effort (environ 1h \u00e0 1h45 apr\u00e8s le d\u00e9part selon les niveaux) et un moment de r\u00e9confort est plus que bienvenu !<\/p><p data-start=\"1163\" data-end=\"1384\">Les membres de l\u2019ASCLA, reconnaissables \u00e0 leur bonne humeur communicative, y offrent eau, fruits, morceaux de sucre, barres \u00e9nerg\u00e9tiques, et surtout des sourires et encouragements qui redonnent des ailes aux marathoniens.<\/p>\t\t\t\t\t\t\t\t<\/div>\n\t\t\t\t<\/div>\n\t\t\t\t<\/div>\n\t\t<div class=\"elementor-element elementor-element-61c05f6 e-con-full e-flex e-con e-child\" data-id=\"61c05f6\" data-element_type=\"container\">\n\t\t\t\t<div class=\"elementor-element elementor-element-1a4d13d elementor-widget elementor-widget-image\" data-id=\"1a4d13d\" data-element_type=\"widget\" data-widget_type=\"image.default\">\n\t\t\t\t<div class=\"elementor-widget-container\">\n\t\t\t\t\t\t\t\t\t\t\t\t\t\t\t\t<a href=\"https:\/\/ascla-ambialet.fr\/wp-content\/uploads\/2025\/06\/marathon-2025.jpg\" data-elementor-open-lightbox=\"yes\" data-e-action-hash=\"#elementor-action%3Aaction%3Dlightbox%26settings%3DeyJpZCI6MzY4LCJ1cmwiOiJodHRwczpcL1wvYXNjbGEtYW1iaWFsZXQuZnJcL3dwLWNvbnRlbnRcL3VwbG9hZHNcLzIwMjVcLzA2XC9tYXJhdGhvbi0yMDI1LmpwZyJ9\">\n\t\t\t\t\t\t\t<img fetchpriority=\"high\" decoding=\"async\" width=\"750\" height=\"422\" src=\"https:\/\/ascla-ambialet.fr\/wp-content\/uploads\/2025\/06\/marathon-2025-1024x576.jpg\" class=\"attachment-large size-large wp-image-368\" alt=\"Equipe du ravitaillement du marathon d&#039;Albi 2025, ASCLA, route de Fabas, pr\u00e8s d&#039;Ambialet\" srcset=\"https:\/\/ascla-ambialet.fr\/wp-content\/uploads\/2025\/06\/marathon-2025-1024x576.jpg 1024w, https:\/\/ascla-ambialet.fr\/wp-content\/uploads\/2025\/06\/marathon-2025-300x169.jpg 300w, https:\/\/ascla-ambialet.fr\/wp-content\/uploads\/2025\/06\/marathon-2025-768x432.jpg 768w, https:\/\/ascla-ambialet.fr\/wp-content\/uploads\/2025\/06\/marathon-2025-1536x864.jpg 1536w, https:\/\/ascla-ambialet.fr\/wp-content\/uploads\/2025\/06\/marathon-2025.jpg 1600w\" sizes=\"(max-width: 750px) 100vw, 750px\" \/>\t\t\t\t\t\t\t\t<\/a>\n\t\t\t\t\t\t\t\t\t\t\t\t\t\t\t<\/div>\n\t\t\t\t<\/div>\n\t\t\t\t<\/div>\n\t\t\t\t\t<\/div>\n\t\t\t\t<\/div>\n\t\t<div class=\"elementor-element elementor-element-8aab31d e-flex e-con-boxed e-con e-parent\" data-id=\"8aab31d\" data-element_type=\"container\">\n\t\t\t\t\t<div class=\"e-con-inner\">\n\t\t\t\t<div class=\"elementor-element elementor-element-121f5c0 elementor-widget elementor-widget-heading\" data-id=\"121f5c0\" data-element_type=\"widget\" data-widget_type=\"heading.default\">\n\t\t\t\t<div class=\"elementor-widget-container\">\n\t\t\t\t\t<h2 class=\"elementor-heading-title elementor-size-default\">Marathon 2026<\/h2>\t\t\t\t<\/div>\n\t\t\t\t<\/div>\n\t\t\t\t\t<\/div>\n\t\t\t\t<\/div>\n\t\t<div class=\"elementor-element elementor-element-16447ff e-flex e-con-boxed e-con e-parent\" data-id=\"16447ff\" data-element_type=\"container\">\n\t\t\t\t\t<div class=\"e-con-inner\">\n\t\t<div class=\"elementor-element elementor-element-7d959e1 e-con-full e-flex e-con e-child\" data-id=\"7d959e1\" data-element_type=\"container\">\n\t\t\t\t<div class=\"elementor-element elementor-element-d901f50 elementor-widget elementor-widget-heading\" data-id=\"d901f50\" data-element_type=\"widget\" data-widget_type=\"heading.default\">\n\t\t\t\t<div class=\"elementor-widget-container\">\n\t\t\t\t\t<h2 class=\"elementor-heading-title elementor-size-default\">Dimanche <br>26 Avril<\/h2>\t\t\t\t<\/div>\n\t\t\t\t<\/div>\n\t\t\t\t<\/div>\n\t\t<div class=\"elementor-element elementor-element-63138f5 e-con-full e-flex e-con e-child\" data-id=\"63138f5\" data-element_type=\"container\">\n\t\t\t\t<div class=\"elementor-element elementor-element-b6d944f elementor-widget elementor-widget-text-editor\" data-id=\"b6d944f\" data-element_type=\"widget\" data-widget_type=\"text-editor.default\">\n\t\t\t\t<div class=\"elementor-widget-container\">\n\t\t\t\t\t\t\t\t\t<p data-start=\"191\" data-end=\"387\">\u00a0 \u00a0 \u00a0 Deux stands de ravitaillement seront tenus \u00e0 <strong data-start=\"236\" data-end=\"245\">Fabas<\/strong>, aux points des <strong data-start=\"262\" data-end=\"280\">20 km et 25 km<\/strong> du parcours.<br data-start=\"293\" data-end=\"296\" \/>\ud83d\udccd <em data-start=\"299\" data-end=\"385\">Rendez-vous \u00e0 8h15 \u00e0 la salle polyvalente ou \u00e0 8h30 directement sur le site \u00e0 Fabas.<\/em><\/p><p data-start=\"389\" data-end=\"479\">\ud83d\udc49 Pour tous les d\u00e9tails de la course, consultez la page du <a data-start=\"449\" data-end=\"478\" class=\"decorated-link\" rel=\"noopener\" href=\"https:\/\/www.marathondalbi.com\/\"><strong data-start=\"450\" data-end=\"474\">Marathon d\u2019Albi 2026<\/strong><span aria-hidden=\"true\" class=\"ms-0.5 inline-block align-middle leading-none\"><svg width=\"20\" height=\"20\" viewbox=\"0 0 20 20\" fill=\"currentColor\" xmlns=\"http:\/\/www.w3.org\/2000\/svg\" data-rtl-flip=\"\" class=\"block h-[0.75em] w-[0.75em] stroke-current stroke-[0.75]\"><\/svg><\/span><\/a><\/p>\t\t\t\t\t\t\t\t<\/div>\n\t\t\t\t<\/div>\n\t\t\t\t<\/div>\n\t\t\t\t\t<\/div>\n\t\t\t\t<\/div>\n\t\t\t\t<\/div>\n\t\t","protected":false},"excerpt":{"rendered":"<p>Ravitaillement du marathon d&rsquo;Albi Chaque ann\u00e9e, l\u2019ASCLA organise le ravitaillement du Marathon d\u2019Albi \u00e0 Fabas et r\u00e9pond pr\u00e9sente pour soutenir les coureurs de cette \u00e9preuve labellis\u00e9e FFA (F\u00e9d\u00e9ration Fran\u00e7aise d\u2019Athl\u00e9tisme), qui attire plusieurs centaines d\u2019athl\u00e8tes venus de toute la France. L\u2019\u00e9v\u00e9nement comprend un marathon (42,195 km), un semi-marathon, un 10 [&hellip;]<\/p>\n","protected":false},"author":1,"featured_media":0,"parent":0,"menu_order":0,"comment_status":"closed","ping_status":"closed","template":"page-templates\/template-pagebuilder-full-width.php","meta":{"footnotes":""},"class_list":["post-195","page","type-page","status-publish","hentry"],"yoast_head":"<!-- This site is optimized with the Yoast SEO plugin v26.1.1 - https:\/\/yoast.com\/wordpress\/plugins\/seo\/ -->\n<title>Ravitaillement Marathon d\u2019Albi \u00e0 Fabas \u2013 ASCLA Ambialet<\/title>\n<meta name=\"description\" content=\"L\u2019ASCLA organise le ravitaillement du Marathon d\u2019Albi \u00e0 Fabas : deux stands pour soutenir les coureurs et partager un moment convivial.\" \/>\n<meta name=\"robots\" content=\"index, follow, max-snippet:-1, max-image-preview:large, max-video-preview:-1\" \/>\n<link rel=\"canonical\" href=\"https:\/\/ascla-ambialet.fr\/index.php\/ravitaillement-marathon-albi-2025-fabas\/\" \/>\n<meta property=\"og:locale\" content=\"fr_FR\" \/>\n<meta property=\"og:type\" content=\"article\" \/>\n<meta property=\"og:title\" content=\"Ravitaillement Marathon d\u2019Albi \u00e0 Fabas \u2013 ASCLA Ambialet\" \/>\n<meta property=\"og:description\" content=\"L\u2019ASCLA organise le ravitaillement du Marathon d\u2019Albi \u00e0 Fabas : deux stands pour soutenir les coureurs et partager un moment convivial.\" \/>\n<meta property=\"og:url\" content=\"https:\/\/ascla-ambialet.fr\/index.php\/ravitaillement-marathon-albi-2025-fabas\/\" \/>\n<meta property=\"og:site_name\" content=\"ASCLA\" \/>\n<meta property=\"article:modified_time\" content=\"2026-03-30T19:10:51+00:00\" \/>\n<meta property=\"og:image\" content=\"https:\/\/ascla-ambialet.fr\/wp-content\/uploads\/2025\/06\/marathon-2025.jpg\" \/>\n\t<meta property=\"og:image:width\" content=\"1600\" \/>\n\t<meta property=\"og:image:height\" content=\"900\" \/>\n\t<meta property=\"og:image:type\" content=\"image\/jpeg\" \/>\n<meta name=\"twitter:card\" content=\"summary_large_image\" \/>\n<meta name=\"twitter:label1\" content=\"Dur\u00e9e de lecture estim\u00e9e\" \/>\n\t<meta name=\"twitter:data1\" content=\"2 minutes\" \/>\n<script type=\"application\/ld+json\" class=\"yoast-schema-graph\">{\"@context\":\"https:\/\/schema.org\",\"@graph\":[{\"@type\":\"WebPage\",\"@id\":\"https:\/\/ascla-ambialet.fr\/index.php\/ravitaillement-marathon-albi-2025-fabas\/\",\"url\":\"https:\/\/ascla-ambialet.fr\/index.php\/ravitaillement-marathon-albi-2025-fabas\/\",\"name\":\"Ravitaillement Marathon d\u2019Albi \u00e0 Fabas \u2013 ASCLA Ambialet\",\"isPartOf\":{\"@id\":\"https:\/\/ascla-ambialet.fr\/#website\"},\"primaryImageOfPage\":{\"@id\":\"https:\/\/ascla-ambialet.fr\/index.php\/ravitaillement-marathon-albi-2025-fabas\/#primaryimage\"},\"image\":{\"@id\":\"https:\/\/ascla-ambialet.fr\/index.php\/ravitaillement-marathon-albi-2025-fabas\/#primaryimage\"},\"thumbnailUrl\":\"https:\/\/ascla-ambialet.fr\/wp-content\/uploads\/2025\/06\/marathon-2025-1024x576.jpg\",\"datePublished\":\"2025-06-01T13:06:40+00:00\",\"dateModified\":\"2026-03-30T19:10:51+00:00\",\"description\":\"L\u2019ASCLA organise le ravitaillement du Marathon d\u2019Albi \u00e0 Fabas : deux stands pour soutenir les coureurs et partager un moment convivial.\",\"breadcrumb\":{\"@id\":\"https:\/\/ascla-ambialet.fr\/index.php\/ravitaillement-marathon-albi-2025-fabas\/#breadcrumb\"},\"inLanguage\":\"fr-FR\",\"potentialAction\":[{\"@type\":\"ReadAction\",\"target\":[\"https:\/\/ascla-ambialet.fr\/index.php\/ravitaillement-marathon-albi-2025-fabas\/\"]}]},{\"@type\":\"ImageObject\",\"inLanguage\":\"fr-FR\",\"@id\":\"https:\/\/ascla-ambialet.fr\/index.php\/ravitaillement-marathon-albi-2025-fabas\/#primaryimage\",\"url\":\"https:\/\/ascla-ambialet.fr\/wp-content\/uploads\/2025\/06\/marathon-2025.jpg\",\"contentUrl\":\"https:\/\/ascla-ambialet.fr\/wp-content\/uploads\/2025\/06\/marathon-2025.jpg\",\"width\":1600,\"height\":900,\"caption\":\"Equipe du ravitaillement du marathon d'Albi 2025, ASCLA, route de Fabas, pr\u00e8s d'Ambialet\"},{\"@type\":\"BreadcrumbList\",\"@id\":\"https:\/\/ascla-ambialet.fr\/index.php\/ravitaillement-marathon-albi-2025-fabas\/#breadcrumb\",\"itemListElement\":[{\"@type\":\"ListItem\",\"position\":1,\"name\":\"Accueil\",\"item\":\"https:\/\/ascla-ambialet.fr\/\"},{\"@type\":\"ListItem\",\"position\":2,\"name\":\"Ravitaillement du marathon d&rsquo;Albi\"}]},{\"@type\":\"WebSite\",\"@id\":\"https:\/\/ascla-ambialet.fr\/#website\",\"url\":\"https:\/\/ascla-ambialet.fr\/\",\"name\":\"ASCLA\",\"description\":\"\",\"publisher\":{\"@id\":\"https:\/\/ascla-ambialet.fr\/#organization\"},\"potentialAction\":[{\"@type\":\"SearchAction\",\"target\":{\"@type\":\"EntryPoint\",\"urlTemplate\":\"https:\/\/ascla-ambialet.fr\/?s={search_term_string}\"},\"query-input\":{\"@type\":\"PropertyValueSpecification\",\"valueRequired\":true,\"valueName\":\"search_term_string\"}}],\"inLanguage\":\"fr-FR\"},{\"@type\":\"Organization\",\"@id\":\"https:\/\/ascla-ambialet.fr\/#organization\",\"name\":\"ASCLA\",\"url\":\"https:\/\/ascla-ambialet.fr\/\",\"logo\":{\"@type\":\"ImageObject\",\"inLanguage\":\"fr-FR\",\"@id\":\"https:\/\/ascla-ambialet.fr\/#\/schema\/logo\/image\/\",\"url\":\"https:\/\/ascla-ambialet.fr\/wp-content\/uploads\/2025\/05\/Design-sans-titre11.png\",\"contentUrl\":\"https:\/\/ascla-ambialet.fr\/wp-content\/uploads\/2025\/05\/Design-sans-titre11.png\",\"width\":800,\"height\":800,\"caption\":\"ASCLA\"},\"image\":{\"@id\":\"https:\/\/ascla-ambialet.fr\/#\/schema\/logo\/image\/\"}}]}<\/script>\n<!-- \/ Yoast SEO plugin. -->","yoast_head_json":{"title":"Ravitaillement Marathon d\u2019Albi \u00e0 Fabas \u2013 ASCLA Ambialet","description":"L\u2019ASCLA organise le ravitaillement du Marathon d\u2019Albi \u00e0 Fabas : deux stands pour soutenir les coureurs et partager un moment convivial.","robots":{"index":"index","follow":"follow","max-snippet":"max-snippet:-1","max-image-preview":"max-image-preview:large","max-video-preview":"max-video-preview:-1"},"canonical":"https:\/\/ascla-ambialet.fr\/index.php\/ravitaillement-marathon-albi-2025-fabas\/","og_locale":"fr_FR","og_type":"article","og_title":"Ravitaillement Marathon d\u2019Albi \u00e0 Fabas \u2013 ASCLA Ambialet","og_description":"L\u2019ASCLA organise le ravitaillement du Marathon d\u2019Albi \u00e0 Fabas : deux stands pour soutenir les coureurs et partager un moment convivial.","og_url":"https:\/\/ascla-ambialet.fr\/index.php\/ravitaillement-marathon-albi-2025-fabas\/","og_site_name":"ASCLA","article_modified_time":"2026-03-30T19:10:51+00:00","og_image":[{"width":1600,"height":900,"url":"https:\/\/ascla-ambialet.fr\/wp-content\/uploads\/2025\/06\/marathon-2025.jpg","type":"image\/jpeg"}],"twitter_card":"summary_large_image","twitter_misc":{"Dur\u00e9e de lecture estim\u00e9e":"2 minutes"},"schema":{"@context":"https:\/\/schema.org","@graph":[{"@type":"WebPage","@id":"https:\/\/ascla-ambialet.fr\/index.php\/ravitaillement-marathon-albi-2025-fabas\/","url":"https:\/\/ascla-ambialet.fr\/index.php\/ravitaillement-marathon-albi-2025-fabas\/","name":"Ravitaillement Marathon d\u2019Albi \u00e0 Fabas \u2013 ASCLA Ambialet","isPartOf":{"@id":"https:\/\/ascla-ambialet.fr\/#website"},"primaryImageOfPage":{"@id":"https:\/\/ascla-ambialet.fr\/index.php\/ravitaillement-marathon-albi-2025-fabas\/#primaryimage"},"image":{"@id":"https:\/\/ascla-ambialet.fr\/index.php\/ravitaillement-marathon-albi-2025-fabas\/#primaryimage"},"thumbnailUrl":"https:\/\/ascla-ambialet.fr\/wp-content\/uploads\/2025\/06\/marathon-2025-1024x576.jpg","datePublished":"2025-06-01T13:06:40+00:00","dateModified":"2026-03-30T19:10:51+00:00","description":"L\u2019ASCLA organise le ravitaillement du Marathon d\u2019Albi \u00e0 Fabas : deux stands pour soutenir les coureurs et partager un moment convivial.","breadcrumb":{"@id":"https:\/\/ascla-ambialet.fr\/index.php\/ravitaillement-marathon-albi-2025-fabas\/#breadcrumb"},"inLanguage":"fr-FR","potentialAction":[{"@type":"ReadAction","target":["https:\/\/ascla-ambialet.fr\/index.php\/ravitaillement-marathon-albi-2025-fabas\/"]}]},{"@type":"ImageObject","inLanguage":"fr-FR","@id":"https:\/\/ascla-ambialet.fr\/index.php\/ravitaillement-marathon-albi-2025-fabas\/#primaryimage","url":"https:\/\/ascla-ambialet.fr\/wp-content\/uploads\/2025\/06\/marathon-2025.jpg","contentUrl":"https:\/\/ascla-ambialet.fr\/wp-content\/uploads\/2025\/06\/marathon-2025.jpg","width":1600,"height":900,"caption":"Equipe du ravitaillement du marathon d'Albi 2025, ASCLA, route de Fabas, pr\u00e8s d'Ambialet"},{"@type":"BreadcrumbList","@id":"https:\/\/ascla-ambialet.fr\/index.php\/ravitaillement-marathon-albi-2025-fabas\/#breadcrumb","itemListElement":[{"@type":"ListItem","position":1,"name":"Accueil","item":"https:\/\/ascla-ambialet.fr\/"},{"@type":"ListItem","position":2,"name":"Ravitaillement du marathon d&rsquo;Albi"}]},{"@type":"WebSite","@id":"https:\/\/ascla-ambialet.fr\/#website","url":"https:\/\/ascla-ambialet.fr\/","name":"ASCLA","description":"","publisher":{"@id":"https:\/\/ascla-ambialet.fr\/#organization"},"potentialAction":[{"@type":"SearchAction","target":{"@type":"EntryPoint","urlTemplate":"https:\/\/ascla-ambialet.fr\/?s={search_term_string}"},"query-input":{"@type":"PropertyValueSpecification","valueRequired":true,"valueName":"search_term_string"}}],"inLanguage":"fr-FR"},{"@type":"Organization","@id":"https:\/\/ascla-ambialet.fr\/#organization","name":"ASCLA","url":"https:\/\/ascla-ambialet.fr\/","logo":{"@type":"ImageObject","inLanguage":"fr-FR","@id":"https:\/\/ascla-ambialet.fr\/#\/schema\/logo\/image\/","url":"https:\/\/ascla-ambialet.fr\/wp-content\/uploads\/2025\/05\/Design-sans-titre11.png","contentUrl":"https:\/\/ascla-ambialet.fr\/wp-content\/uploads\/2025\/05\/Design-sans-titre11.png","width":800,"height":800,"caption":"ASCLA"},"image":{"@id":"https:\/\/ascla-ambialet.fr\/#\/schema\/logo\/image\/"}}]}},"_links":{"self":[{"href":"https:\/\/ascla-ambialet.fr\/index.php\/wp-json\/wp\/v2\/pages\/195","targetHints":{"allow":["GET"]}}],"collection":[{"href":"https:\/\/ascla-ambialet.fr\/index.php\/wp-json\/wp\/v2\/pages"}],"about":[{"href":"https:\/\/ascla-ambialet.fr\/index.php\/wp-json\/wp\/v2\/types\/page"}],"author":[{"embeddable":true,"href":"https:\/\/ascla-ambialet.fr\/index.php\/wp-json\/wp\/v2\/users\/1"}],"replies":[{"embeddable":true,"href":"https:\/\/ascla-ambialet.fr\/index.php\/wp-json\/wp\/v2\/comments?post=195"}],"version-history":[{"count":64,"href":"https:\/\/ascla-ambialet.fr\/index.php\/wp-json\/wp\/v2\/pages\/195\/revisions"}],"predecessor-version":[{"id":1311,"href":"https:\/\/ascla-ambialet.fr\/index.php\/wp-json\/wp\/v2\/pages\/195\/revisions\/1311"}],"wp:attachment":[{"href":"https:\/\/ascla-ambialet.fr\/index.php\/wp-json\/wp\/v2\/media?parent=195"}],"curies":[{"name":"wp","href":"https:\/\/api.w.org\/{rel}","templated":true}]}}