{"id":54,"date":"2025-05-27T11:47:09","date_gmt":"2025-05-27T09:47:09","guid":{"rendered":"http:\/\/ascla-ambialet.fr\/?page_id=54"},"modified":"2025-06-13T16:29:23","modified_gmt":"2025-06-13T14:29:23","slug":"loisirs","status":"publish","type":"page","link":"https:\/\/ascla-ambialet.fr\/index.php\/loisirs\/","title":{"rendered":"Loisirs"},"content":{"rendered":"\t\t<div data-elementor-type=\"wp-page\" data-elementor-id=\"54\" class=\"elementor elementor-54\">\n\t\t\t\t<div class=\"elementor-element elementor-element-a983697 e-flex e-con-boxed e-con e-parent\" data-id=\"a983697\" data-element_type=\"container\">\n\t\t\t\t\t<div class=\"e-con-inner\">\n\t\t\t\t<div class=\"elementor-element elementor-element-876a396 elementor-widget elementor-widget-spacer\" data-id=\"876a396\" data-element_type=\"widget\" data-widget_type=\"spacer.default\">\n\t\t\t\t<div class=\"elementor-widget-container\">\n\t\t\t\t\t\t\t<div class=\"elementor-spacer\">\n\t\t\t<div class=\"elementor-spacer-inner\"><\/div>\n\t\t<\/div>\n\t\t\t\t\t\t<\/div>\n\t\t\t\t<\/div>\n\t\t\t\t<div class=\"elementor-element elementor-element-83130c3 elementor-widget elementor-widget-heading\" data-id=\"83130c3\" data-element_type=\"widget\" data-widget_type=\"heading.default\">\n\t\t\t\t<div class=\"elementor-widget-container\">\n\t\t\t\t\t<h1 class=\"elementor-heading-title elementor-size-default\">Loisirs<\/h1>\t\t\t\t<\/div>\n\t\t\t\t<\/div>\n\t\t\t\t<div class=\"elementor-element elementor-element-98e03bf elementor-widget elementor-widget-spacer\" data-id=\"98e03bf\" data-element_type=\"widget\" data-widget_type=\"spacer.default\">\n\t\t\t\t<div class=\"elementor-widget-container\">\n\t\t\t\t\t\t\t<div class=\"elementor-spacer\">\n\t\t\t<div class=\"elementor-spacer-inner\"><\/div>\n\t\t<\/div>\n\t\t\t\t\t\t<\/div>\n\t\t\t\t<\/div>\n\t\t\t\t\t<\/div>\n\t\t\t\t<\/div>\n\t\t<div class=\"elementor-element elementor-element-eefef10 e-flex e-con-boxed e-con e-parent\" data-id=\"eefef10\" data-element_type=\"container\">\n\t\t\t\t\t<div class=\"e-con-inner\">\n\t\t<div class=\"elementor-element elementor-element-7fc8a0a e-con-full e-flex e-con e-child\" data-id=\"7fc8a0a\" data-element_type=\"container\">\n\t\t\t\t<div class=\"elementor-element elementor-element-a96488a elementor-widget elementor-widget-image\" data-id=\"a96488a\" data-element_type=\"widget\" data-widget_type=\"image.default\">\n\t\t\t\t<div class=\"elementor-widget-container\">\n\t\t\t\t\t\t\t\t\t\t\t\t\t\t\t<img decoding=\"async\" width=\"150\" height=\"150\" src=\"https:\/\/ascla-ambialet.fr\/wp-content\/uploads\/2025\/06\/image-150x150.jpg\" class=\"attachment-thumbnail size-thumbnail wp-image-390\" alt=\"Troupe th\u00e9\u00e2trale de l&#039;ASCLA \u00e0 Ambialet\" \/>\t\t\t\t\t\t\t\t\t\t\t\t\t\t\t<\/div>\n\t\t\t\t<\/div>\n\t\t\t\t<div class=\"elementor-element elementor-element-dbe15dd elementor-align-center elementor-widget elementor-widget-button\" data-id=\"dbe15dd\" data-element_type=\"widget\" data-widget_type=\"button.default\">\n\t\t\t\t<div class=\"elementor-widget-container\">\n\t\t\t\t\t\t\t\t\t<div class=\"elementor-button-wrapper\">\n\t\t\t\t\t<a class=\"elementor-button elementor-button-link elementor-size-sm\" href=\"https:\/\/ascla-ambialet.fr\/index.php\/theatre\/\">\n\t\t\t\t\t\t<span class=\"elementor-button-content-wrapper\">\n\t\t\t\t\t\t\t\t\t<span class=\"elementor-button-text\">Th\u00e9\u00e2tre<\/span>\n\t\t\t\t\t<\/span>\n\t\t\t\t\t<\/a>\n\t\t\t\t<\/div>\n\t\t\t\t\t\t\t\t<\/div>\n\t\t\t\t<\/div>\n\t\t\t\t<\/div>\n\t\t<div class=\"elementor-element elementor-element-0da3a01 e-con-full e-flex e-con e-child\" data-id=\"0da3a01\" data-element_type=\"container\">\n\t\t\t\t<div class=\"elementor-element elementor-element-b942593 elementor-widget elementor-widget-image\" data-id=\"b942593\" data-element_type=\"widget\" data-widget_type=\"image.default\">\n\t\t\t\t<div class=\"elementor-widget-container\">\n\t\t\t\t\t\t\t\t\t\t\t\t\t\t\t<img decoding=\"async\" width=\"150\" height=\"150\" src=\"https:\/\/ascla-ambialet.fr\/wp-content\/uploads\/2025\/06\/ob_34799f_img-2947-150x150.jpeg\" class=\"attachment-thumbnail size-thumbnail wp-image-391\" alt=\"\" \/>\t\t\t\t\t\t\t\t\t\t\t\t\t\t\t<\/div>\n\t\t\t\t<\/div>\n\t\t\t\t<div class=\"elementor-element elementor-element-9700d79 elementor-align-center elementor-widget elementor-widget-button\" data-id=\"9700d79\" data-element_type=\"widget\" data-widget_type=\"button.default\">\n\t\t\t\t<div class=\"elementor-widget-container\">\n\t\t\t\t\t\t\t\t\t<div class=\"elementor-button-wrapper\">\n\t\t\t\t\t<a class=\"elementor-button elementor-button-link elementor-size-sm\" href=\"https:\/\/ascla-ambialet.fr\/index.php\/march\u00e9s-nocturnes\/\">\n\t\t\t\t\t\t<span class=\"elementor-button-content-wrapper\">\n\t\t\t\t\t\t\t\t\t<span class=\"elementor-button-text\">March\u00e9s nocturnes<\/span>\n\t\t\t\t\t<\/span>\n\t\t\t\t\t<\/a>\n\t\t\t\t<\/div>\n\t\t\t\t\t\t\t\t<\/div>\n\t\t\t\t<\/div>\n\t\t\t\t<\/div>\n\t\t<div class=\"elementor-element elementor-element-5eb76d7 e-con-full e-flex e-con e-child\" data-id=\"5eb76d7\" data-element_type=\"container\">\n\t\t\t\t<div class=\"elementor-element elementor-element-bf1fd18 elementor-widget elementor-widget-image\" data-id=\"bf1fd18\" data-element_type=\"widget\" data-widget_type=\"image.default\">\n\t\t\t\t<div class=\"elementor-widget-container\">\n\t\t\t\t\t\t\t\t\t\t\t\t\t\t\t<img decoding=\"async\" width=\"150\" height=\"150\" src=\"https:\/\/ascla-ambialet.fr\/wp-content\/uploads\/2025\/06\/Ambialet-07-150x150.jpg\" class=\"attachment-thumbnail size-thumbnail wp-image-401\" alt=\"\" \/>\t\t\t\t\t\t\t\t\t\t\t\t\t\t\t<\/div>\n\t\t\t\t<\/div>\n\t\t\t\t<div class=\"elementor-element elementor-element-f18d372 elementor-align-center elementor-widget elementor-widget-button\" data-id=\"f18d372\" data-element_type=\"widget\" data-widget_type=\"button.default\">\n\t\t\t\t<div class=\"elementor-widget-container\">\n\t\t\t\t\t\t\t\t\t<div class=\"elementor-button-wrapper\">\n\t\t\t\t\t<a class=\"elementor-button elementor-button-link elementor-size-sm\" href=\"https:\/\/ascla-ambialet.fr\/index.php\/renovation\/\">\n\t\t\t\t\t\t<span class=\"elementor-button-content-wrapper\">\n\t\t\t\t\t\t\t\t\t<span class=\"elementor-button-text\">Renovation du patrimoine<\/span>\n\t\t\t\t\t<\/span>\n\t\t\t\t\t<\/a>\n\t\t\t\t<\/div>\n\t\t\t\t\t\t\t\t<\/div>\n\t\t\t\t<\/div>\n\t\t\t\t<\/div>\n\t\t<div class=\"elementor-element elementor-element-427c1da e-con-full e-flex e-con e-child\" data-id=\"427c1da\" data-element_type=\"container\">\n\t\t\t\t<div class=\"elementor-element elementor-element-dea8373 elementor-widget elementor-widget-image\" data-id=\"dea8373\" data-element_type=\"widget\" data-widget_type=\"image.default\">\n\t\t\t\t<div class=\"elementor-widget-container\">\n\t\t\t\t\t\t\t\t\t\t\t\t\t\t\t<img loading=\"lazy\" decoding=\"async\" width=\"150\" height=\"150\" src=\"https:\/\/ascla-ambialet.fr\/wp-content\/uploads\/2025\/06\/debroussaillement-debroussaillage-forestier_FR_500_0027388-150x150.jpg\" class=\"attachment-thumbnail size-thumbnail wp-image-402\" alt=\"D\u00e9broussaillage par ASCLA - Ambialet- 2025\" srcset=\"https:\/\/ascla-ambialet.fr\/wp-content\/uploads\/2025\/06\/debroussaillement-debroussaillage-forestier_FR_500_0027388-150x150.jpg 150w, https:\/\/ascla-ambialet.fr\/wp-content\/uploads\/2025\/06\/debroussaillement-debroussaillage-forestier_FR_500_0027388-300x300.jpg 300w, https:\/\/ascla-ambialet.fr\/wp-content\/uploads\/2025\/06\/debroussaillement-debroussaillage-forestier_FR_500_0027388.jpg 500w\" sizes=\"(max-width: 150px) 100vw, 150px\" \/>\t\t\t\t\t\t\t\t\t\t\t\t\t\t\t<\/div>\n\t\t\t\t<\/div>\n\t\t\t\t<div class=\"elementor-element elementor-element-21fed37 elementor-align-center elementor-widget elementor-widget-button\" data-id=\"21fed37\" data-element_type=\"widget\" data-widget_type=\"button.default\">\n\t\t\t\t<div class=\"elementor-widget-container\">\n\t\t\t\t\t\t\t\t\t<div class=\"elementor-button-wrapper\">\n\t\t\t\t\t<a class=\"elementor-button elementor-button-link elementor-size-sm\" href=\"https:\/\/ascla-ambialet.fr\/index.php\/debroussaillage-des-chemins\/\">\n\t\t\t\t\t\t<span class=\"elementor-button-content-wrapper\">\n\t\t\t\t\t\t\t\t\t<span class=\"elementor-button-text\">D\u00e9broussaillage des chemins<\/span>\n\t\t\t\t\t<\/span>\n\t\t\t\t\t<\/a>\n\t\t\t\t<\/div>\n\t\t\t\t\t\t\t\t<\/div>\n\t\t\t\t<\/div>\n\t\t\t\t<\/div>\n\t\t\t\t\t<\/div>\n\t\t\t\t<\/div>\n\t\t\t\t<\/div>\n\t\t","protected":false},"excerpt":{"rendered":"<p>Loisirs Th\u00e9\u00e2tre March\u00e9s nocturnes Renovation du patrimoine D\u00e9broussaillage des chemins<\/p>\n","protected":false},"author":1,"featured_media":0,"parent":0,"menu_order":0,"comment_status":"closed","ping_status":"closed","template":"page-templates\/template-pagebuilder-full-width.php","meta":{"footnotes":""},"class_list":["post-54","page","type-page","status-publish","hentry"],"yoast_head":"<!-- This site is optimized with the Yoast SEO plugin v26.1.1 - https:\/\/yoast.com\/wordpress\/plugins\/seo\/ -->\n<title>Loisirs - ASCLA<\/title>\n<meta name=\"robots\" content=\"index, follow, max-snippet:-1, max-image-preview:large, max-video-preview:-1\" \/>\n<link rel=\"canonical\" href=\"https:\/\/ascla-ambialet.fr\/index.php\/loisirs\/\" \/>\n<meta property=\"og:locale\" content=\"fr_FR\" \/>\n<meta property=\"og:type\" content=\"article\" \/>\n<meta property=\"og:title\" content=\"Loisirs - ASCLA\" \/>\n<meta property=\"og:description\" content=\"Loisirs Th\u00e9\u00e2tre March\u00e9s nocturnes Renovation du patrimoine D\u00e9broussaillage des chemins\" \/>\n<meta property=\"og:url\" content=\"https:\/\/ascla-ambialet.fr\/index.php\/loisirs\/\" \/>\n<meta property=\"og:site_name\" content=\"ASCLA\" \/>\n<meta property=\"article:modified_time\" content=\"2025-06-13T14:29:23+00:00\" \/>\n<meta property=\"og:image\" content=\"http:\/\/ascla-ambialet.fr\/wp-content\/uploads\/2025\/06\/image-150x150.jpg\" \/>\n<meta name=\"twitter:card\" content=\"summary_large_image\" \/>\n<script type=\"application\/ld+json\" class=\"yoast-schema-graph\">{\"@context\":\"https:\/\/schema.org\",\"@graph\":[{\"@type\":\"WebPage\",\"@id\":\"https:\/\/ascla-ambialet.fr\/index.php\/loisirs\/\",\"url\":\"https:\/\/ascla-ambialet.fr\/index.php\/loisirs\/\",\"name\":\"Loisirs - ASCLA\",\"isPartOf\":{\"@id\":\"https:\/\/ascla-ambialet.fr\/#website\"},\"primaryImageOfPage\":{\"@id\":\"https:\/\/ascla-ambialet.fr\/index.php\/loisirs\/#primaryimage\"},\"image\":{\"@id\":\"https:\/\/ascla-ambialet.fr\/index.php\/loisirs\/#primaryimage\"},\"thumbnailUrl\":\"http:\/\/ascla-ambialet.fr\/wp-content\/uploads\/2025\/06\/image-150x150.jpg\",\"datePublished\":\"2025-05-27T09:47:09+00:00\",\"dateModified\":\"2025-06-13T14:29:23+00:00\",\"breadcrumb\":{\"@id\":\"https:\/\/ascla-ambialet.fr\/index.php\/loisirs\/#breadcrumb\"},\"inLanguage\":\"fr-FR\",\"potentialAction\":[{\"@type\":\"ReadAction\",\"target\":[\"https:\/\/ascla-ambialet.fr\/index.php\/loisirs\/\"]}]},{\"@type\":\"ImageObject\",\"inLanguage\":\"fr-FR\",\"@id\":\"https:\/\/ascla-ambialet.fr\/index.php\/loisirs\/#primaryimage\",\"url\":\"http:\/\/ascla-ambialet.fr\/wp-content\/uploads\/2025\/06\/image-150x150.jpg\",\"contentUrl\":\"http:\/\/ascla-ambialet.fr\/wp-content\/uploads\/2025\/06\/image-150x150.jpg\"},{\"@type\":\"BreadcrumbList\",\"@id\":\"https:\/\/ascla-ambialet.fr\/index.php\/loisirs\/#breadcrumb\",\"itemListElement\":[{\"@type\":\"ListItem\",\"position\":1,\"name\":\"Accueil\",\"item\":\"https:\/\/ascla-ambialet.fr\/\"},{\"@type\":\"ListItem\",\"position\":2,\"name\":\"Loisirs\"}]},{\"@type\":\"WebSite\",\"@id\":\"https:\/\/ascla-ambialet.fr\/#website\",\"url\":\"https:\/\/ascla-ambialet.fr\/\",\"name\":\"ASCLA\",\"description\":\"\",\"publisher\":{\"@id\":\"https:\/\/ascla-ambialet.fr\/#organization\"},\"potentialAction\":[{\"@type\":\"SearchAction\",\"target\":{\"@type\":\"EntryPoint\",\"urlTemplate\":\"https:\/\/ascla-ambialet.fr\/?s={search_term_string}\"},\"query-input\":{\"@type\":\"PropertyValueSpecification\",\"valueRequired\":true,\"valueName\":\"search_term_string\"}}],\"inLanguage\":\"fr-FR\"},{\"@type\":\"Organization\",\"@id\":\"https:\/\/ascla-ambialet.fr\/#organization\",\"name\":\"ASCLA\",\"url\":\"https:\/\/ascla-ambialet.fr\/\",\"logo\":{\"@type\":\"ImageObject\",\"inLanguage\":\"fr-FR\",\"@id\":\"https:\/\/ascla-ambialet.fr\/#\/schema\/logo\/image\/\",\"url\":\"https:\/\/ascla-ambialet.fr\/wp-content\/uploads\/2025\/05\/Design-sans-titre11.png\",\"contentUrl\":\"https:\/\/ascla-ambialet.fr\/wp-content\/uploads\/2025\/05\/Design-sans-titre11.png\",\"width\":800,\"height\":800,\"caption\":\"ASCLA\"},\"image\":{\"@id\":\"https:\/\/ascla-ambialet.fr\/#\/schema\/logo\/image\/\"}}]}<\/script>\n<!-- \/ Yoast SEO plugin. -->","yoast_head_json":{"title":"Loisirs - ASCLA","robots":{"index":"index","follow":"follow","max-snippet":"max-snippet:-1","max-image-preview":"max-image-preview:large","max-video-preview":"max-video-preview:-1"},"canonical":"https:\/\/ascla-ambialet.fr\/index.php\/loisirs\/","og_locale":"fr_FR","og_type":"article","og_title":"Loisirs - ASCLA","og_description":"Loisirs Th\u00e9\u00e2tre March\u00e9s nocturnes Renovation du patrimoine D\u00e9broussaillage des chemins","og_url":"https:\/\/ascla-ambialet.fr\/index.php\/loisirs\/","og_site_name":"ASCLA","article_modified_time":"2025-06-13T14:29:23+00:00","og_image":[{"url":"http:\/\/ascla-ambialet.fr\/wp-content\/uploads\/2025\/06\/image-150x150.jpg","type":"","width":"","height":""}],"twitter_card":"summary_large_image","schema":{"@context":"https:\/\/schema.org","@graph":[{"@type":"WebPage","@id":"https:\/\/ascla-ambialet.fr\/index.php\/loisirs\/","url":"https:\/\/ascla-ambialet.fr\/index.php\/loisirs\/","name":"Loisirs - ASCLA","isPartOf":{"@id":"https:\/\/ascla-ambialet.fr\/#website"},"primaryImageOfPage":{"@id":"https:\/\/ascla-ambialet.fr\/index.php\/loisirs\/#primaryimage"},"image":{"@id":"https:\/\/ascla-ambialet.fr\/index.php\/loisirs\/#primaryimage"},"thumbnailUrl":"http:\/\/ascla-ambialet.fr\/wp-content\/uploads\/2025\/06\/image-150x150.jpg","datePublished":"2025-05-27T09:47:09+00:00","dateModified":"2025-06-13T14:29:23+00:00","breadcrumb":{"@id":"https:\/\/ascla-ambialet.fr\/index.php\/loisirs\/#breadcrumb"},"inLanguage":"fr-FR","potentialAction":[{"@type":"ReadAction","target":["https:\/\/ascla-ambialet.fr\/index.php\/loisirs\/"]}]},{"@type":"ImageObject","inLanguage":"fr-FR","@id":"https:\/\/ascla-ambialet.fr\/index.php\/loisirs\/#primaryimage","url":"http:\/\/ascla-ambialet.fr\/wp-content\/uploads\/2025\/06\/image-150x150.jpg","contentUrl":"http:\/\/ascla-ambialet.fr\/wp-content\/uploads\/2025\/06\/image-150x150.jpg"},{"@type":"BreadcrumbList","@id":"https:\/\/ascla-ambialet.fr\/index.php\/loisirs\/#breadcrumb","itemListElement":[{"@type":"ListItem","position":1,"name":"Accueil","item":"https:\/\/ascla-ambialet.fr\/"},{"@type":"ListItem","position":2,"name":"Loisirs"}]},{"@type":"WebSite","@id":"https:\/\/ascla-ambialet.fr\/#website","url":"https:\/\/ascla-ambialet.fr\/","name":"ASCLA","description":"","publisher":{"@id":"https:\/\/ascla-ambialet.fr\/#organization"},"potentialAction":[{"@type":"SearchAction","target":{"@type":"EntryPoint","urlTemplate":"https:\/\/ascla-ambialet.fr\/?s={search_term_string}"},"query-input":{"@type":"PropertyValueSpecification","valueRequired":true,"valueName":"search_term_string"}}],"inLanguage":"fr-FR"},{"@type":"Organization","@id":"https:\/\/ascla-ambialet.fr\/#organization","name":"ASCLA","url":"https:\/\/ascla-ambialet.fr\/","logo":{"@type":"ImageObject","inLanguage":"fr-FR","@id":"https:\/\/ascla-ambialet.fr\/#\/schema\/logo\/image\/","url":"https:\/\/ascla-ambialet.fr\/wp-content\/uploads\/2025\/05\/Design-sans-titre11.png","contentUrl":"https:\/\/ascla-ambialet.fr\/wp-content\/uploads\/2025\/05\/Design-sans-titre11.png","width":800,"height":800,"caption":"ASCLA"},"image":{"@id":"https:\/\/ascla-ambialet.fr\/#\/schema\/logo\/image\/"}}]}},"_links":{"self":[{"href":"https:\/\/ascla-ambialet.fr\/index.php\/wp-json\/wp\/v2\/pages\/54","targetHints":{"allow":["GET"]}}],"collection":[{"href":"https:\/\/ascla-ambialet.fr\/index.php\/wp-json\/wp\/v2\/pages"}],"about":[{"href":"https:\/\/ascla-ambialet.fr\/index.php\/wp-json\/wp\/v2\/types\/page"}],"author":[{"embeddable":true,"href":"https:\/\/ascla-ambialet.fr\/index.php\/wp-json\/wp\/v2\/users\/1"}],"replies":[{"embeddable":true,"href":"https:\/\/ascla-ambialet.fr\/index.php\/wp-json\/wp\/v2\/comments?post=54"}],"version-history":[{"count":28,"href":"https:\/\/ascla-ambialet.fr\/index.php\/wp-json\/wp\/v2\/pages\/54\/revisions"}],"predecessor-version":[{"id":594,"href":"https:\/\/ascla-ambialet.fr\/index.php\/wp-json\/wp\/v2\/pages\/54\/revisions\/594"}],"wp:attachment":[{"href":"https:\/\/ascla-ambialet.fr\/index.php\/wp-json\/wp\/v2\/media?parent=54"}],"curies":[{"name":"wp","href":"https:\/\/api.w.org\/{rel}","templated":true}]}}