{"id":83,"date":"2025-05-27T12:47:41","date_gmt":"2025-05-27T10:47:41","guid":{"rendered":"http:\/\/ascla-ambialet.fr\/?page_id=83"},"modified":"2025-11-12T10:51:17","modified_gmt":"2025-11-12T09:51:17","slug":"randonnee-nocturne-ambialet","status":"publish","type":"page","link":"https:\/\/ascla-ambialet.fr\/index.php\/randonnee-nocturne-ambialet\/","title":{"rendered":"Randonn\u00e9e nocturne"},"content":{"rendered":"\t\t<div data-elementor-type=\"wp-page\" data-elementor-id=\"83\" class=\"elementor elementor-83\">\n\t\t\t\t<div class=\"elementor-element elementor-element-4e4e7b7a e-con-full e-flex e-con e-parent\" data-id=\"4e4e7b7a\" data-element_type=\"container\">\n\t\t\t\t<div class=\"elementor-element elementor-element-e562b5d elementor-widget elementor-widget-spacer\" data-id=\"e562b5d\" data-element_type=\"widget\" data-widget_type=\"spacer.default\">\n\t\t\t\t<div class=\"elementor-widget-container\">\n\t\t\t\t\t\t\t<div class=\"elementor-spacer\">\n\t\t\t<div class=\"elementor-spacer-inner\"><\/div>\n\t\t<\/div>\n\t\t\t\t\t\t<\/div>\n\t\t\t\t<\/div>\n\t\t\t\t<div class=\"elementor-element elementor-element-99f8f0b elementor-widget elementor-widget-heading\" data-id=\"99f8f0b\" data-element_type=\"widget\" data-widget_type=\"heading.default\">\n\t\t\t\t<div class=\"elementor-widget-container\">\n\t\t\t\t\t<h1 class=\"elementor-heading-title elementor-size-default\">Randonn\u00e9e nocturne \u00e0 Ambialet<\/h1>\t\t\t\t<\/div>\n\t\t\t\t<\/div>\n\t\t\t\t<div class=\"elementor-element elementor-element-4e95edd elementor-widget elementor-widget-spacer\" data-id=\"4e95edd\" data-element_type=\"widget\" data-widget_type=\"spacer.default\">\n\t\t\t\t<div class=\"elementor-widget-container\">\n\t\t\t\t\t\t\t<div class=\"elementor-spacer\">\n\t\t\t<div class=\"elementor-spacer-inner\"><\/div>\n\t\t<\/div>\n\t\t\t\t\t\t<\/div>\n\t\t\t\t<\/div>\n\t\t\t\t<\/div>\n\t\t<div class=\"elementor-element elementor-element-74527e8 e-flex e-con-boxed e-con e-parent\" data-id=\"74527e8\" data-element_type=\"container\">\n\t\t\t\t\t<div class=\"e-con-inner\">\n\t\t\t\t<div class=\"elementor-element elementor-element-555f400 elementor-widget elementor-widget-heading\" data-id=\"555f400\" data-element_type=\"widget\" data-widget_type=\"heading.default\">\n\t\t\t\t<div class=\"elementor-widget-container\">\n\t\t\t\t\t<h3 class=\"elementor-heading-title elementor-size-default\">Une marche conviviale sous les \u00e9toiles<\/h3>\t\t\t\t<\/div>\n\t\t\t\t<\/div>\n\t\t\t\t\t<\/div>\n\t\t\t\t<\/div>\n\t\t<div class=\"elementor-element elementor-element-4e2b171 e-flex e-con-boxed e-con e-parent\" data-id=\"4e2b171\" data-element_type=\"container\">\n\t\t\t\t\t<div class=\"e-con-inner\">\n\t\t<div class=\"elementor-element elementor-element-8469fa6 e-con-full e-flex e-con e-child\" data-id=\"8469fa6\" data-element_type=\"container\">\n\t\t\t\t<div class=\"elementor-element elementor-element-b77da89 elementor-widget elementor-widget-image\" data-id=\"b77da89\" data-element_type=\"widget\" data-widget_type=\"image.default\">\n\t\t\t\t<div class=\"elementor-widget-container\">\n\t\t\t\t\t\t\t\t\t\t\t\t\t\t\t<img fetchpriority=\"high\" decoding=\"async\" width=\"750\" height=\"563\" src=\"https:\/\/ascla-ambialet.fr\/wp-content\/uploads\/2025\/06\/P7270191-1024x768.jpg\" class=\"attachment-large size-large wp-image-718\" alt=\"\" srcset=\"https:\/\/ascla-ambialet.fr\/wp-content\/uploads\/2025\/06\/P7270191-1024x768.jpg 1024w, https:\/\/ascla-ambialet.fr\/wp-content\/uploads\/2025\/06\/P7270191-300x225.jpg 300w, https:\/\/ascla-ambialet.fr\/wp-content\/uploads\/2025\/06\/P7270191-768x576.jpg 768w, https:\/\/ascla-ambialet.fr\/wp-content\/uploads\/2025\/06\/P7270191-1536x1152.jpg 1536w, https:\/\/ascla-ambialet.fr\/wp-content\/uploads\/2025\/06\/P7270191-2048x1536.jpg 2048w\" sizes=\"(max-width: 750px) 100vw, 750px\" \/>\t\t\t\t\t\t\t\t\t\t\t\t\t\t\t<\/div>\n\t\t\t\t<\/div>\n\t\t\t\t<\/div>\n\t\t<div class=\"elementor-element elementor-element-9f1547a e-con-full e-flex e-con e-child\" data-id=\"9f1547a\" data-element_type=\"container\">\n\t\t<div class=\"elementor-element elementor-element-196517b e-con-full e-flex e-con e-child\" data-id=\"196517b\" data-element_type=\"container\">\n\t\t\t\t<div class=\"elementor-element elementor-element-484066a elementor-widget elementor-widget-text-editor\" data-id=\"484066a\" data-element_type=\"widget\" data-widget_type=\"text-editor.default\">\n\t\t\t\t<div class=\"elementor-widget-container\">\n\t\t\t\t\t\t\t\t\t<p>Chaque \u00e9t\u00e9, l\u2019ASCLA organise une randonn\u00e9e nocturne \u00e0 Ambialet, un moment incontournable m\u00ealant nature, d\u00e9couverte et convivialit\u00e9.<br \/>Accessible \u00e0 tous, cette sortie <strong>, <\/strong>devenue une tradition estivale, permet de d\u00e9couvrir autrement la presqu\u2019\u00eele d\u2019Ambialet, ses chemins bois\u00e9s et ses points de vue magnifiques au cr\u00e9puscule.<\/p>\t\t\t\t\t\t\t\t<\/div>\n\t\t\t\t<\/div>\n\t\t\t\t<\/div>\n\t\t\t\t<\/div>\n\t\t\t\t\t<\/div>\n\t\t\t\t<\/div>\n\t\t<div class=\"elementor-element elementor-element-d82faf3 e-flex e-con-boxed e-con e-parent\" data-id=\"d82faf3\" data-element_type=\"container\">\n\t\t\t\t\t<div class=\"e-con-inner\">\n\t\t\t\t<div class=\"elementor-element elementor-element-d2f6e9b elementor-widget elementor-widget-heading\" data-id=\"d2f6e9b\" data-element_type=\"widget\" data-widget_type=\"heading.default\">\n\t\t\t\t<div class=\"elementor-widget-container\">\n\t\t\t\t\t<h3 class=\"elementor-heading-title elementor-size-default\">Une soir\u00e9e entre sport et partage<\/h3>\t\t\t\t<\/div>\n\t\t\t\t<\/div>\n\t\t<div class=\"elementor-element elementor-element-1991347 e-con-full e-flex e-con e-child\" data-id=\"1991347\" data-element_type=\"container\">\n\t\t\t\t<div class=\"elementor-element elementor-element-25f1bbd elementor-widget elementor-widget-text-editor\" data-id=\"25f1bbd\" data-element_type=\"widget\" data-widget_type=\"text-editor.default\">\n\t\t\t\t<div class=\"elementor-widget-container\">\n\t\t\t\t\t\t\t\t\t<p>La marche nocturne d\u2019Ambialet d\u00e9bute en fin de journ\u00e9e, au moment o\u00f9 la chaleur retombe et que le soleil va bient\u00f4t se coucher sur le Tarn.<\/p><p>Les participants, petits et grands, suivent un parcours facile, accessible \u00e0 tous les niveaux. Munis de lampes frontales, les randonneurs avancent dans une ambiance paisible et chaleureuse.<\/p><p>\u00c0 l\u2019arriv\u00e9e, un repas champ\u00eatre, pr\u00e9par\u00e9 par les b\u00e9n\u00e9voles, attend les marcheurs. C\u2019est l\u2019occasion d\u2019\u00e9changer, de se restaurer et de prolonger la soir\u00e9e sous les \u00e9toiles, dans la simplicit\u00e9 et la bonne humeur qui caract\u00e9risent l\u2019ASCLA.<strong><\/strong><\/p><p>Chaque ann\u00e9e, cet \u00e9v\u00e9nement attire habitants, vacanciers et curieux venus profiter de la magie d\u2019Ambialet de nuit.<strong><br \/><\/strong><\/p><p>Cette randonn\u00e9e s\u2019inscrit parmi les nombreuses activit\u00e9s estivales nocturnes propos\u00e9es par l\u2019association. D\u00e9couvrez aussi notre <a href=\"https:\/\/ascla-ambialet.fr\/index.php\/son-et-lumiere\/\">son et lumi\u00e8re<\/a> et nos <a href=\"https:\/\/ascla-ambialet.fr\/index.php\/marches-nocturnes\/\">march\u00e9s nocturnes<\/a>.<\/p><p>Pour en savoir plus sur Ambialet et ses alentours, consultez le site de l\u2019<a data-start=\"1281\" data-end=\"1341\" class=\"decorated-link\" rel=\"noopener\" target=\"_new\" href=\"https:\/\/www.tourisme-tarn.com\/\">Office de Tourisme du Tarn<span aria-hidden=\"true\" class=\"ms-0.5 inline-block align-middle leading-none\"><svg width=\"20\" height=\"20\" viewbox=\"0 0 20 20\" fill=\"currentColor\" xmlns=\"http:\/\/www.w3.org\/2000\/svg\" data-rtl-flip=\"\" class=\"block h-[0.75em] w-[0.75em] stroke-current stroke-[0.75]\"><\/svg><\/span><\/a><\/p>\t\t\t\t\t\t\t\t<\/div>\n\t\t\t\t<\/div>\n\t\t\t\t<\/div>\n\t\t\t\t\t<\/div>\n\t\t\t\t<\/div>\n\t\t<div class=\"elementor-element elementor-element-c458750 e-flex e-con-boxed e-con e-parent\" data-id=\"c458750\" data-element_type=\"container\">\n\t\t\t\t\t<div class=\"e-con-inner\">\n\t\t\t\t<div class=\"elementor-element elementor-element-8a8bee5 elementor-widget elementor-widget-heading\" data-id=\"8a8bee5\" data-element_type=\"widget\" data-widget_type=\"heading.default\">\n\t\t\t\t<div class=\"elementor-widget-container\">\n\t\t\t\t\t<h2 class=\"elementor-heading-title elementor-size-default\">Randonn\u00e9e nocturne 2025 :<\/h2>\t\t\t\t<\/div>\n\t\t\t\t<\/div>\n\t\t\t\t\t<\/div>\n\t\t\t\t<\/div>\n\t\t<div class=\"elementor-element elementor-element-8d2a120 e-con-full e-flex e-con e-parent\" data-id=\"8d2a120\" data-element_type=\"container\">\n\t\t\t\t<div class=\"elementor-element elementor-element-0bae02c elementor-widget__width-initial elementor-widget elementor-widget-image\" data-id=\"0bae02c\" data-element_type=\"widget\" data-widget_type=\"image.default\">\n\t\t\t\t<div class=\"elementor-widget-container\">\n\t\t\t\t\t\t\t\t\t\t\t\t\t\t\t<img decoding=\"async\" src=\"https:\/\/ascla-ambialet.fr\/wp-content\/uploads\/2025\/06\/Ambialet-RANDO-NOCTURNE-1750404034.jpeg\" title=\"\" alt=\"\" loading=\"lazy\" \/>\t\t\t\t\t\t\t\t\t\t\t\t\t\t\t<\/div>\n\t\t\t\t<\/div>\n\t\t\t\t<\/div>\n\t\t\t\t<\/div>\n\t\t","protected":false},"excerpt":{"rendered":"<p>Randonn\u00e9e nocturne \u00e0 Ambialet Une marche conviviale sous les \u00e9toiles Chaque \u00e9t\u00e9, l\u2019ASCLA organise une randonn\u00e9e nocturne \u00e0 Ambialet, un moment incontournable m\u00ealant nature, d\u00e9couverte et convivialit\u00e9.Accessible \u00e0 tous, cette sortie , devenue une tradition estivale, permet de d\u00e9couvrir autrement la presqu\u2019\u00eele d\u2019Ambialet, ses chemins bois\u00e9s et ses points de [&hellip;]<\/p>\n","protected":false},"author":1,"featured_media":0,"parent":0,"menu_order":0,"comment_status":"closed","ping_status":"closed","template":"","meta":{"footnotes":""},"class_list":["post-83","page","type-page","status-publish","hentry"],"yoast_head":"<!-- This site is optimized with the Yoast SEO plugin v26.1.1 - https:\/\/yoast.com\/wordpress\/plugins\/seo\/ -->\n<title>Randonn\u00e9e nocturne \u00e0 Ambialet \u2013 ASCLA<\/title>\n<meta name=\"description\" content=\"Partez pour la randonn\u00e9e nocturne d\u2019Ambialet avec l\u2019ASCLA ! Une marche \u00e0 la fra\u00eeche suivie d\u2019un repas convivial dans une ambiance chaleureuse.\" \/>\n<meta name=\"robots\" content=\"index, follow, max-snippet:-1, max-image-preview:large, max-video-preview:-1\" \/>\n<link rel=\"canonical\" href=\"https:\/\/ascla-ambialet.fr\/index.php\/randonnee-nocturne-ambialet\/\" \/>\n<meta property=\"og:locale\" content=\"fr_FR\" \/>\n<meta property=\"og:type\" content=\"article\" \/>\n<meta property=\"og:title\" content=\"Randonn\u00e9e nocturne \u00e0 Ambialet \u2013 ASCLA\" \/>\n<meta property=\"og:description\" content=\"Partez pour la randonn\u00e9e nocturne d\u2019Ambialet avec l\u2019ASCLA ! Une marche \u00e0 la fra\u00eeche suivie d\u2019un repas convivial dans une ambiance chaleureuse.\" \/>\n<meta property=\"og:url\" content=\"https:\/\/ascla-ambialet.fr\/index.php\/randonnee-nocturne-ambialet\/\" \/>\n<meta property=\"og:site_name\" content=\"ASCLA\" \/>\n<meta property=\"article:modified_time\" content=\"2025-11-12T09:51:17+00:00\" \/>\n<meta property=\"og:image\" content=\"https:\/\/ascla-ambialet.fr\/wp-content\/uploads\/2025\/06\/P7270191-1024x768.jpg\" \/>\n<meta name=\"twitter:card\" content=\"summary_large_image\" \/>\n<meta name=\"twitter:label1\" content=\"Dur\u00e9e de lecture estim\u00e9e\" \/>\n\t<meta name=\"twitter:data1\" content=\"2 minutes\" \/>\n<script type=\"application\/ld+json\" class=\"yoast-schema-graph\">{\"@context\":\"https:\/\/schema.org\",\"@graph\":[{\"@type\":\"WebPage\",\"@id\":\"https:\/\/ascla-ambialet.fr\/index.php\/randonnee-nocturne-ambialet\/\",\"url\":\"https:\/\/ascla-ambialet.fr\/index.php\/randonnee-nocturne-ambialet\/\",\"name\":\"Randonn\u00e9e nocturne \u00e0 Ambialet \u2013 ASCLA\",\"isPartOf\":{\"@id\":\"https:\/\/ascla-ambialet.fr\/#website\"},\"primaryImageOfPage\":{\"@id\":\"https:\/\/ascla-ambialet.fr\/index.php\/randonnee-nocturne-ambialet\/#primaryimage\"},\"image\":{\"@id\":\"https:\/\/ascla-ambialet.fr\/index.php\/randonnee-nocturne-ambialet\/#primaryimage\"},\"thumbnailUrl\":\"https:\/\/ascla-ambialet.fr\/wp-content\/uploads\/2025\/06\/P7270191-1024x768.jpg\",\"datePublished\":\"2025-05-27T10:47:41+00:00\",\"dateModified\":\"2025-11-12T09:51:17+00:00\",\"description\":\"Partez pour la randonn\u00e9e nocturne d\u2019Ambialet avec l\u2019ASCLA ! Une marche \u00e0 la fra\u00eeche suivie d\u2019un repas convivial dans une ambiance chaleureuse.\",\"breadcrumb\":{\"@id\":\"https:\/\/ascla-ambialet.fr\/index.php\/randonnee-nocturne-ambialet\/#breadcrumb\"},\"inLanguage\":\"fr-FR\",\"potentialAction\":[{\"@type\":\"ReadAction\",\"target\":[\"https:\/\/ascla-ambialet.fr\/index.php\/randonnee-nocturne-ambialet\/\"]}]},{\"@type\":\"ImageObject\",\"inLanguage\":\"fr-FR\",\"@id\":\"https:\/\/ascla-ambialet.fr\/index.php\/randonnee-nocturne-ambialet\/#primaryimage\",\"url\":\"https:\/\/ascla-ambialet.fr\/wp-content\/uploads\/2025\/06\/P7270191-scaled.jpg\",\"contentUrl\":\"https:\/\/ascla-ambialet.fr\/wp-content\/uploads\/2025\/06\/P7270191-scaled.jpg\",\"width\":2560,\"height\":1920},{\"@type\":\"BreadcrumbList\",\"@id\":\"https:\/\/ascla-ambialet.fr\/index.php\/randonnee-nocturne-ambialet\/#breadcrumb\",\"itemListElement\":[{\"@type\":\"ListItem\",\"position\":1,\"name\":\"Accueil\",\"item\":\"https:\/\/ascla-ambialet.fr\/\"},{\"@type\":\"ListItem\",\"position\":2,\"name\":\"Randonn\u00e9e nocturne\"}]},{\"@type\":\"WebSite\",\"@id\":\"https:\/\/ascla-ambialet.fr\/#website\",\"url\":\"https:\/\/ascla-ambialet.fr\/\",\"name\":\"ASCLA\",\"description\":\"\",\"publisher\":{\"@id\":\"https:\/\/ascla-ambialet.fr\/#organization\"},\"potentialAction\":[{\"@type\":\"SearchAction\",\"target\":{\"@type\":\"EntryPoint\",\"urlTemplate\":\"https:\/\/ascla-ambialet.fr\/?s={search_term_string}\"},\"query-input\":{\"@type\":\"PropertyValueSpecification\",\"valueRequired\":true,\"valueName\":\"search_term_string\"}}],\"inLanguage\":\"fr-FR\"},{\"@type\":\"Organization\",\"@id\":\"https:\/\/ascla-ambialet.fr\/#organization\",\"name\":\"ASCLA\",\"url\":\"https:\/\/ascla-ambialet.fr\/\",\"logo\":{\"@type\":\"ImageObject\",\"inLanguage\":\"fr-FR\",\"@id\":\"https:\/\/ascla-ambialet.fr\/#\/schema\/logo\/image\/\",\"url\":\"https:\/\/ascla-ambialet.fr\/wp-content\/uploads\/2025\/05\/Design-sans-titre11.png\",\"contentUrl\":\"https:\/\/ascla-ambialet.fr\/wp-content\/uploads\/2025\/05\/Design-sans-titre11.png\",\"width\":800,\"height\":800,\"caption\":\"ASCLA\"},\"image\":{\"@id\":\"https:\/\/ascla-ambialet.fr\/#\/schema\/logo\/image\/\"}}]}<\/script>\n<!-- \/ Yoast SEO plugin. -->","yoast_head_json":{"title":"Randonn\u00e9e nocturne \u00e0 Ambialet \u2013 ASCLA","description":"Partez pour la randonn\u00e9e nocturne d\u2019Ambialet avec l\u2019ASCLA ! Une marche \u00e0 la fra\u00eeche suivie d\u2019un repas convivial dans une ambiance chaleureuse.","robots":{"index":"index","follow":"follow","max-snippet":"max-snippet:-1","max-image-preview":"max-image-preview:large","max-video-preview":"max-video-preview:-1"},"canonical":"https:\/\/ascla-ambialet.fr\/index.php\/randonnee-nocturne-ambialet\/","og_locale":"fr_FR","og_type":"article","og_title":"Randonn\u00e9e nocturne \u00e0 Ambialet \u2013 ASCLA","og_description":"Partez pour la randonn\u00e9e nocturne d\u2019Ambialet avec l\u2019ASCLA ! Une marche \u00e0 la fra\u00eeche suivie d\u2019un repas convivial dans une ambiance chaleureuse.","og_url":"https:\/\/ascla-ambialet.fr\/index.php\/randonnee-nocturne-ambialet\/","og_site_name":"ASCLA","article_modified_time":"2025-11-12T09:51:17+00:00","og_image":[{"url":"https:\/\/ascla-ambialet.fr\/wp-content\/uploads\/2025\/06\/P7270191-1024x768.jpg","type":"","width":"","height":""}],"twitter_card":"summary_large_image","twitter_misc":{"Dur\u00e9e de lecture estim\u00e9e":"2 minutes"},"schema":{"@context":"https:\/\/schema.org","@graph":[{"@type":"WebPage","@id":"https:\/\/ascla-ambialet.fr\/index.php\/randonnee-nocturne-ambialet\/","url":"https:\/\/ascla-ambialet.fr\/index.php\/randonnee-nocturne-ambialet\/","name":"Randonn\u00e9e nocturne \u00e0 Ambialet \u2013 ASCLA","isPartOf":{"@id":"https:\/\/ascla-ambialet.fr\/#website"},"primaryImageOfPage":{"@id":"https:\/\/ascla-ambialet.fr\/index.php\/randonnee-nocturne-ambialet\/#primaryimage"},"image":{"@id":"https:\/\/ascla-ambialet.fr\/index.php\/randonnee-nocturne-ambialet\/#primaryimage"},"thumbnailUrl":"https:\/\/ascla-ambialet.fr\/wp-content\/uploads\/2025\/06\/P7270191-1024x768.jpg","datePublished":"2025-05-27T10:47:41+00:00","dateModified":"2025-11-12T09:51:17+00:00","description":"Partez pour la randonn\u00e9e nocturne d\u2019Ambialet avec l\u2019ASCLA ! Une marche \u00e0 la fra\u00eeche suivie d\u2019un repas convivial dans une ambiance chaleureuse.","breadcrumb":{"@id":"https:\/\/ascla-ambialet.fr\/index.php\/randonnee-nocturne-ambialet\/#breadcrumb"},"inLanguage":"fr-FR","potentialAction":[{"@type":"ReadAction","target":["https:\/\/ascla-ambialet.fr\/index.php\/randonnee-nocturne-ambialet\/"]}]},{"@type":"ImageObject","inLanguage":"fr-FR","@id":"https:\/\/ascla-ambialet.fr\/index.php\/randonnee-nocturne-ambialet\/#primaryimage","url":"https:\/\/ascla-ambialet.fr\/wp-content\/uploads\/2025\/06\/P7270191-scaled.jpg","contentUrl":"https:\/\/ascla-ambialet.fr\/wp-content\/uploads\/2025\/06\/P7270191-scaled.jpg","width":2560,"height":1920},{"@type":"BreadcrumbList","@id":"https:\/\/ascla-ambialet.fr\/index.php\/randonnee-nocturne-ambialet\/#breadcrumb","itemListElement":[{"@type":"ListItem","position":1,"name":"Accueil","item":"https:\/\/ascla-ambialet.fr\/"},{"@type":"ListItem","position":2,"name":"Randonn\u00e9e nocturne"}]},{"@type":"WebSite","@id":"https:\/\/ascla-ambialet.fr\/#website","url":"https:\/\/ascla-ambialet.fr\/","name":"ASCLA","description":"","publisher":{"@id":"https:\/\/ascla-ambialet.fr\/#organization"},"potentialAction":[{"@type":"SearchAction","target":{"@type":"EntryPoint","urlTemplate":"https:\/\/ascla-ambialet.fr\/?s={search_term_string}"},"query-input":{"@type":"PropertyValueSpecification","valueRequired":true,"valueName":"search_term_string"}}],"inLanguage":"fr-FR"},{"@type":"Organization","@id":"https:\/\/ascla-ambialet.fr\/#organization","name":"ASCLA","url":"https:\/\/ascla-ambialet.fr\/","logo":{"@type":"ImageObject","inLanguage":"fr-FR","@id":"https:\/\/ascla-ambialet.fr\/#\/schema\/logo\/image\/","url":"https:\/\/ascla-ambialet.fr\/wp-content\/uploads\/2025\/05\/Design-sans-titre11.png","contentUrl":"https:\/\/ascla-ambialet.fr\/wp-content\/uploads\/2025\/05\/Design-sans-titre11.png","width":800,"height":800,"caption":"ASCLA"},"image":{"@id":"https:\/\/ascla-ambialet.fr\/#\/schema\/logo\/image\/"}}]}},"_links":{"self":[{"href":"https:\/\/ascla-ambialet.fr\/index.php\/wp-json\/wp\/v2\/pages\/83","targetHints":{"allow":["GET"]}}],"collection":[{"href":"https:\/\/ascla-ambialet.fr\/index.php\/wp-json\/wp\/v2\/pages"}],"about":[{"href":"https:\/\/ascla-ambialet.fr\/index.php\/wp-json\/wp\/v2\/types\/page"}],"author":[{"embeddable":true,"href":"https:\/\/ascla-ambialet.fr\/index.php\/wp-json\/wp\/v2\/users\/1"}],"replies":[{"embeddable":true,"href":"https:\/\/ascla-ambialet.fr\/index.php\/wp-json\/wp\/v2\/comments?post=83"}],"version-history":[{"count":64,"href":"https:\/\/ascla-ambialet.fr\/index.php\/wp-json\/wp\/v2\/pages\/83\/revisions"}],"predecessor-version":[{"id":1237,"href":"https:\/\/ascla-ambialet.fr\/index.php\/wp-json\/wp\/v2\/pages\/83\/revisions\/1237"}],"wp:attachment":[{"href":"https:\/\/ascla-ambialet.fr\/index.php\/wp-json\/wp\/v2\/media?parent=83"}],"curies":[{"name":"wp","href":"https:\/\/api.w.org\/{rel}","templated":true}]}}