{"id":84,"date":"2025-05-27T12:47:41","date_gmt":"2025-05-27T10:47:41","guid":{"rendered":"http:\/\/ascla-ambialet.fr\/?page_id=84"},"modified":"2026-03-04T14:09:17","modified_gmt":"2026-03-04T13:09:17","slug":"expositions-a-ambialet","status":"publish","type":"page","link":"https:\/\/ascla-ambialet.fr\/index.php\/expositions-a-ambialet\/","title":{"rendered":"Expositions 2025"},"content":{"rendered":"\t\t<div data-elementor-type=\"wp-page\" data-elementor-id=\"84\" class=\"elementor elementor-84\">\n\t\t\t\t<div class=\"elementor-element elementor-element-bc93692 e-flex e-con-boxed e-con e-parent\" data-id=\"bc93692\" data-element_type=\"container\">\n\t\t\t\t\t<div class=\"e-con-inner\">\n\t\t\t\t<div class=\"elementor-element elementor-element-c9011d5 elementor-widget elementor-widget-spacer\" data-id=\"c9011d5\" data-element_type=\"widget\" data-widget_type=\"spacer.default\">\n\t\t\t\t<div class=\"elementor-widget-container\">\n\t\t\t\t\t\t\t<div class=\"elementor-spacer\">\n\t\t\t<div class=\"elementor-spacer-inner\"><\/div>\n\t\t<\/div>\n\t\t\t\t\t\t<\/div>\n\t\t\t\t<\/div>\n\t\t\t\t\t<\/div>\n\t\t\t\t<\/div>\n\t\t<div class=\"elementor-element elementor-element-b211d9b e-flex e-con-boxed e-con e-parent\" data-id=\"b211d9b\" data-element_type=\"container\">\n\t\t\t\t\t<div class=\"e-con-inner\">\n\t\t\t\t<div class=\"elementor-element elementor-element-1893cd1 elementor-widget elementor-widget-heading\" data-id=\"1893cd1\" data-element_type=\"widget\" data-widget_type=\"heading.default\">\n\t\t\t\t<div class=\"elementor-widget-container\">\n\t\t\t\t\t<h2 class=\"elementor-heading-title elementor-size-default\">Saison 2025 : six expositions, six univers \u00e0 d\u00e9couvrir<\/h2>\t\t\t\t<\/div>\n\t\t\t\t<\/div>\n\t\t\t\t\t<\/div>\n\t\t\t\t<\/div>\n\t\t<div class=\"elementor-element elementor-element-6ca5946 e-flex e-con-boxed e-con e-parent\" data-id=\"6ca5946\" data-element_type=\"container\">\n\t\t\t\t\t<div class=\"e-con-inner\">\n\t\t\t\t<div class=\"elementor-element elementor-element-fc9b3ea elementor-widget elementor-widget-text-editor\" data-id=\"fc9b3ea\" data-element_type=\"widget\" data-widget_type=\"text-editor.default\">\n\t\t\t\t<div class=\"elementor-widget-container\">\n\t\t\t\t\t\t\t\t\t<p><strong>Le planning 2025 est pr\u00eat !<\/strong><br data-start=\"424\" data-end=\"427\" \/><strong>De juin \u00e0 septembre, six artistes partageront leurs cr\u00e9ations dans des lieux embl\u00e9matiques de la commune d\u2019Ambialet dans le Tarn.<\/strong><br data-start=\"547\" data-end=\"550\" \/><strong>Cinq expositions se tiendront \u00e0 l\u2019\u00e9glise Saint-Gilles, fid\u00e8le \u00e0 la tradition culturelle estivale, et, pour la premi\u00e8re fois, une exposition sera pr\u00e9sent\u00e9e \u00e0 l\u2019\u00e9glise de Bonneval, offrant un nouveau cadre charg\u00e9 d\u2019histoire et de s\u00e9r\u00e9nit\u00e9.<\/strong><\/p>\t\t\t\t\t\t\t\t<\/div>\n\t\t\t\t<\/div>\n\t\t\t\t\t<\/div>\n\t\t\t\t<\/div>\n\t\t<div class=\"elementor-element elementor-element-264477f e-flex e-con-boxed e-con e-parent\" data-id=\"264477f\" data-element_type=\"container\">\n\t\t\t\t\t<div class=\"e-con-inner\">\n\t\t<div class=\"elementor-element elementor-element-85cde03 e-con-full e-flex e-con e-child\" data-id=\"85cde03\" data-element_type=\"container\">\n\t\t\t\t<div class=\"elementor-element elementor-element-e8f0d44 elementor-widget elementor-widget-image\" data-id=\"e8f0d44\" data-element_type=\"widget\" data-widget_type=\"image.default\">\n\t\t\t\t<div class=\"elementor-widget-container\">\n\t\t\t\t\t\t\t\t\t\t\t\t\t\t\t<img fetchpriority=\"high\" decoding=\"async\" width=\"670\" height=\"943\" src=\"https:\/\/ascla-ambialet.fr\/wp-content\/uploads\/2025\/06\/affiche-Devarrewaere.jpg\" class=\"attachment-large size-large wp-image-634\" alt=\"Expositions \u00e0 Ambialet_R\u00e9gine DEVARREWAERE\" srcset=\"https:\/\/ascla-ambialet.fr\/wp-content\/uploads\/2025\/06\/affiche-Devarrewaere.jpg 670w, https:\/\/ascla-ambialet.fr\/wp-content\/uploads\/2025\/06\/affiche-Devarrewaere-213x300.jpg 213w\" sizes=\"(max-width: 670px) 100vw, 670px\" \/>\t\t\t\t\t\t\t\t\t\t\t\t\t\t\t<\/div>\n\t\t\t\t<\/div>\n\t\t<div class=\"elementor-element elementor-element-e27c054 e-con-full e-flex e-con e-child\" data-id=\"e27c054\" data-element_type=\"container\">\n\t\t\t\t<div class=\"elementor-element elementor-element-dd0aabd elementor-widget elementor-widget-text-editor\" data-id=\"dd0aabd\" data-element_type=\"widget\" data-widget_type=\"text-editor.default\">\n\t\t\t\t<div class=\"elementor-widget-container\">\n\t\t\t\t\t\t\t\t\t<p><strong>Exposition de R\u00e9gine DEVARREWAERE <\/strong><\/p><p><strong>(peinture et artisanat d&rsquo;art)<\/strong><\/p><p><strong>\ud83d\udcc5<\/strong> Du 21 Juin au 2 Juillet<\/p><p>\ud83d\udccd \u00c9glise Saint-Gilles, Ambialet.<\/p><p><strong>\ud83c\udfa8<\/strong>Vernissage le vendredi 20 Juin \u00e0 18h30.<\/p><p><a href=\"https:\/\/ascla-ambialet.fr\/index.php\/2025\/06\/16\/exposition-de-regine-devarrewaere\/\"><strong>En savoir plus<\/strong><\/a><\/p>\t\t\t\t\t\t\t\t<\/div>\n\t\t\t\t<\/div>\n\t\t\t\t<\/div>\n\t\t\t\t<\/div>\n\t\t<div class=\"elementor-element elementor-element-528e15a e-con-full e-flex e-con e-child\" data-id=\"528e15a\" data-element_type=\"container\">\n\t\t\t\t<div class=\"elementor-element elementor-element-7f70ba9 elementor-widget elementor-widget-image\" data-id=\"7f70ba9\" data-element_type=\"widget\" data-widget_type=\"image.default\">\n\t\t\t\t<div class=\"elementor-widget-container\">\n\t\t\t\t\t\t\t\t\t\t\t\t\t\t\t<img decoding=\"async\" width=\"669\" height=\"948\" src=\"https:\/\/ascla-ambialet.fr\/wp-content\/uploads\/2025\/06\/expo-Bonnafous.jpg\" class=\"attachment-large size-large wp-image-636\" alt=\"Expositions \u00e0 Ambialet_Olga ZAYAKINA et Nicolas BONNAFOUS \u00e0 l\u2019\u00e9glise Saint-Gilles d\u2019Ambialet 2025\" srcset=\"https:\/\/ascla-ambialet.fr\/wp-content\/uploads\/2025\/06\/expo-Bonnafous.jpg 669w, https:\/\/ascla-ambialet.fr\/wp-content\/uploads\/2025\/06\/expo-Bonnafous-212x300.jpg 212w\" sizes=\"(max-width: 669px) 100vw, 669px\" \/>\t\t\t\t\t\t\t\t\t\t\t\t\t\t\t<\/div>\n\t\t\t\t<\/div>\n\t\t<div class=\"elementor-element elementor-element-db8dfe3 e-con-full e-flex e-con e-child\" data-id=\"db8dfe3\" data-element_type=\"container\">\n\t\t\t\t<div class=\"elementor-element elementor-element-ffd6002 elementor-widget elementor-widget-text-editor\" data-id=\"ffd6002\" data-element_type=\"widget\" data-widget_type=\"text-editor.default\">\n\t\t\t\t<div class=\"elementor-widget-container\">\n\t\t\t\t\t\t\t\t\t<p><strong>Exposition d&rsquo;Olga ASTOR (iconographe) <\/strong><\/p><p><strong>et Nicolas BONNAFOUS (art abstrait)<\/strong><\/p><p><strong>\ud83d\udcc5<\/strong> Du 5 Juillet au 23 Juillet<\/p><p>\ud83d\udccd \u00c9glise Saint-Gilles, Ambialet.<\/p><p><strong>\ud83c\udfa8<\/strong> Vernissage le vendredi 4 Juillet \u00e0 18h30.<\/p><p><strong><a href=\"https:\/\/ascla-ambialet.fr\/index.php\/2025\/07\/10\/exposition-olga-astorg-zayakina-et-nicolas-bonnafous\/\">En savoir plus<\/a><\/strong><\/p><div><\/div><div><\/div>\t\t\t\t\t\t\t\t<\/div>\n\t\t\t\t<\/div>\n\t\t\t\t<\/div>\n\t\t\t\t<\/div>\n\t\t<div class=\"elementor-element elementor-element-ed0f5e2 e-con-full e-flex e-con e-child\" data-id=\"ed0f5e2\" data-element_type=\"container\">\n\t\t\t\t<div class=\"elementor-element elementor-element-70e3a94 elementor-widget elementor-widget-image\" data-id=\"70e3a94\" data-element_type=\"widget\" data-widget_type=\"image.default\">\n\t\t\t\t<div class=\"elementor-widget-container\">\n\t\t\t\t\t\t\t\t\t\t\t\t\t\t\t<img decoding=\"async\" width=\"675\" height=\"949\" src=\"https:\/\/ascla-ambialet.fr\/wp-content\/uploads\/2025\/06\/Afficjhe-Liu-Bin.png\" class=\"attachment-large size-large wp-image-635\" alt=\"Expositions \u00e0 Ambialet_Bin LIU\" srcset=\"https:\/\/ascla-ambialet.fr\/wp-content\/uploads\/2025\/06\/Afficjhe-Liu-Bin.png 675w, https:\/\/ascla-ambialet.fr\/wp-content\/uploads\/2025\/06\/Afficjhe-Liu-Bin-213x300.png 213w\" sizes=\"(max-width: 675px) 100vw, 675px\" \/>\t\t\t\t\t\t\t\t\t\t\t\t\t\t\t<\/div>\n\t\t\t\t<\/div>\n\t\t<div class=\"elementor-element elementor-element-a3eabe6 e-con-full e-flex e-con e-child\" data-id=\"a3eabe6\" data-element_type=\"container\">\n\t\t\t\t<div class=\"elementor-element elementor-element-1707d5d elementor-widget elementor-widget-text-editor\" data-id=\"1707d5d\" data-element_type=\"widget\" data-widget_type=\"text-editor.default\">\n\t\t\t\t<div class=\"elementor-widget-container\">\n\t\t\t\t\t\t\t\t\t<p><strong>Exposition de Bin LIU (figuration &#8211; art traditionnel chinois &#8211; encres de chine color\u00e9es et calligraphies)<\/strong><\/p><p><strong>\ud83d\udcc5<\/strong> Du 26 Juillet au 13 Ao\u00fbt<\/p><p>\ud83d\udccd \u00c9glise Saint-Gilles, Ambialet.<\/p><p><strong>\ud83c\udfa8<\/strong> Vernissage le vendredi 25 Juillet \u00e0 18h30.<\/p><p><a href=\"https:\/\/ascla-ambialet.fr\/index.php\/2025\/08\/13\/965\/\"><strong><span style=\"color: #ffcc00;\">En savoir plus<\/span><\/strong><\/a><\/p>\t\t\t\t\t\t\t\t<\/div>\n\t\t\t\t<\/div>\n\t\t\t\t<\/div>\n\t\t\t\t<\/div>\n\t\t\t\t\t<\/div>\n\t\t\t\t<\/div>\n\t\t<div class=\"elementor-element elementor-element-45c1bcc e-flex e-con-boxed e-con e-parent\" data-id=\"45c1bcc\" data-element_type=\"container\">\n\t\t\t\t\t<div class=\"e-con-inner\">\n\t\t<div class=\"elementor-element elementor-element-168ec47 e-con-full e-flex e-con e-child\" data-id=\"168ec47\" data-element_type=\"container\">\n\t\t\t\t<div class=\"elementor-element elementor-element-170b193 elementor-widget elementor-widget-image\" data-id=\"170b193\" data-element_type=\"widget\" data-widget_type=\"image.default\">\n\t\t\t\t<div class=\"elementor-widget-container\">\n\t\t\t\t\t\t\t\t\t\t\t\t\t\t\t<img loading=\"lazy\" decoding=\"async\" width=\"671\" height=\"954\" src=\"https:\/\/ascla-ambialet.fr\/wp-content\/uploads\/2025\/06\/expo-Labadie.jpg\" class=\"attachment-large size-large wp-image-637\" alt=\"Expositions \u00e0 Ambialet_V\u00e9ronique LABADIE\" srcset=\"https:\/\/ascla-ambialet.fr\/wp-content\/uploads\/2025\/06\/expo-Labadie.jpg 671w, https:\/\/ascla-ambialet.fr\/wp-content\/uploads\/2025\/06\/expo-Labadie-211x300.jpg 211w\" sizes=\"(max-width: 671px) 100vw, 671px\" \/>\t\t\t\t\t\t\t\t\t\t\t\t\t\t\t<\/div>\n\t\t\t\t<\/div>\n\t\t<div class=\"elementor-element elementor-element-2600633 e-con-full e-flex e-con e-child\" data-id=\"2600633\" data-element_type=\"container\">\n\t\t\t\t<div class=\"elementor-element elementor-element-22e7e58 elementor-widget elementor-widget-text-editor\" data-id=\"22e7e58\" data-element_type=\"widget\" data-widget_type=\"text-editor.default\">\n\t\t\t\t<div class=\"elementor-widget-container\">\n\t\t\t\t\t\t\t\t\t<p><strong>Exposition de V\u00e9ronique LABADIE (figuratif et r\u00e9alisation de portaits durant l&rsquo;exposition)<\/strong><\/p><p><strong>\ud83d\udcc5<\/strong> Du 16 Aout au 3 Septembre<\/p><p>\ud83d\udccd \u00c9glise Saint-Gilles, Ambialet.<\/p><p><strong>\ud83c\udfa8<\/strong> Vernissage le vendredi 15 Ao\u00fbt \u00e0 18h30.<\/p><p><a href=\"https:\/\/ascla-ambialet.fr\/index.php\/2025\/08\/13\/exposition-de-veronique-labadie\/\"><strong><span style=\"color: #ffcc00;\">En savoir plus<\/span><\/strong><\/a><\/p>\t\t\t\t\t\t\t\t<\/div>\n\t\t\t\t<\/div>\n\t\t\t\t<\/div>\n\t\t\t\t<\/div>\n\t\t<div class=\"elementor-element elementor-element-2d25ae4 e-con-full e-flex e-con e-child\" data-id=\"2d25ae4\" data-element_type=\"container\">\n\t\t\t\t<div class=\"elementor-element elementor-element-98610fe elementor-widget elementor-widget-image\" data-id=\"98610fe\" data-element_type=\"widget\" data-widget_type=\"image.default\">\n\t\t\t\t<div class=\"elementor-widget-container\">\n\t\t\t\t\t\t\t\t\t\t\t\t\t\t\t<img loading=\"lazy\" decoding=\"async\" width=\"658\" height=\"946\" src=\"https:\/\/ascla-ambialet.fr\/wp-content\/uploads\/2025\/06\/affiche-bordarier.png\" class=\"attachment-large size-large wp-image-633\" alt=\"Expositions \u00e0 Ambialet_Emmanuel BORDARIER\" srcset=\"https:\/\/ascla-ambialet.fr\/wp-content\/uploads\/2025\/06\/affiche-bordarier.png 658w, https:\/\/ascla-ambialet.fr\/wp-content\/uploads\/2025\/06\/affiche-bordarier-209x300.png 209w\" sizes=\"(max-width: 658px) 100vw, 658px\" \/>\t\t\t\t\t\t\t\t\t\t\t\t\t\t\t<\/div>\n\t\t\t\t<\/div>\n\t\t<div class=\"elementor-element elementor-element-18f94f5 e-con-full e-flex e-con e-child\" data-id=\"18f94f5\" data-element_type=\"container\">\n\t\t\t\t<div class=\"elementor-element elementor-element-95d7b18 elementor-widget elementor-widget-text-editor\" data-id=\"95d7b18\" data-element_type=\"widget\" data-widget_type=\"text-editor.default\">\n\t\t\t\t<div class=\"elementor-widget-container\">\n\t\t\t\t\t\t\t\t\t<p><strong>Exposition d&rsquo;Emmanuel BORDARIER (photographe)<\/strong><\/p><p><strong>\ud83d\udcc5<\/strong> Exposition les weekends des 6 et 7 \/ 13 et 14 \/ 20 et 21 Septembre\u00a0<\/p><p>\ud83d\udccd \u00c9glise Saint-Gilles, Ambialet.<\/p><p><strong>\ud83c\udfa8<\/strong> Vernissage le vendredi 5 Septembre \u00e0 18h30.<\/p><p style=\"text-align: center;\"><a href=\"https:\/\/ascla-ambialet.fr\/index.php\/2025\/09\/10\/exposition-emmanuel-bordarier\/\"><span style=\"color: #ffcc00;\"><strong>En savoir plus<\/strong><\/span><\/a><\/p>\t\t\t\t\t\t\t\t<\/div>\n\t\t\t\t<\/div>\n\t\t\t\t<\/div>\n\t\t\t\t<\/div>\n\t\t<div class=\"elementor-element elementor-element-7a9a00e e-con-full e-flex e-con e-child\" data-id=\"7a9a00e\" data-element_type=\"container\">\n\t\t\t\t<div class=\"elementor-element elementor-element-e380d7a elementor-widget elementor-widget-image\" data-id=\"e380d7a\" data-element_type=\"widget\" data-widget_type=\"image.default\">\n\t\t\t\t<div class=\"elementor-widget-container\">\n\t\t\t\t\t\t\t\t\t\t\t\t\t\t\t<img loading=\"lazy\" decoding=\"async\" width=\"740\" height=\"1024\" src=\"https:\/\/ascla-ambialet.fr\/wp-content\/uploads\/2025\/06\/Expo-Verdier-740x1024.jpg\" class=\"attachment-large size-large wp-image-638\" alt=\"Expositions \u00e0 Ambialet_Ma VERDIER\" srcset=\"https:\/\/ascla-ambialet.fr\/wp-content\/uploads\/2025\/06\/Expo-Verdier-740x1024.jpg 740w, https:\/\/ascla-ambialet.fr\/wp-content\/uploads\/2025\/06\/Expo-Verdier-217x300.jpg 217w, https:\/\/ascla-ambialet.fr\/wp-content\/uploads\/2025\/06\/Expo-Verdier-768x1062.jpg 768w, https:\/\/ascla-ambialet.fr\/wp-content\/uploads\/2025\/06\/Expo-Verdier-1111x1536.jpg 1111w, https:\/\/ascla-ambialet.fr\/wp-content\/uploads\/2025\/06\/Expo-Verdier.jpg 1446w\" sizes=\"(max-width: 740px) 100vw, 740px\" \/>\t\t\t\t\t\t\t\t\t\t\t\t\t\t\t<\/div>\n\t\t\t\t<\/div>\n\t\t<div class=\"elementor-element elementor-element-8862785 e-con-full e-flex e-con e-child\" data-id=\"8862785\" data-element_type=\"container\">\n\t\t\t\t<div class=\"elementor-element elementor-element-f6a05c7 elementor-widget elementor-widget-text-editor\" data-id=\"f6a05c7\" data-element_type=\"widget\" data-widget_type=\"text-editor.default\">\n\t\t\t\t<div class=\"elementor-widget-container\">\n\t\t\t\t\t\t\t\t\t<p><strong>Exposition de Marie-Agn\u00e8s VERDIER<\/strong><\/p><p><strong> (art contemporain)<\/strong><\/p><p><strong>\ud83d\udcc5<\/strong> Du 20 au 28 sept. de 10h \u00e0 19h les week-ends,<\/p><p>sur rdv en semaine 06.88.67.53.48\u00a0<\/p><p>\ud83d\udccd \u00c9glise Bonneval, Ambialet.<\/p><p><strong>\ud83c\udfa8<\/strong> Vernissage le samedi 20 septembre \u00e0 18h<\/p><p style=\"text-align: center;\"><a href=\"https:\/\/ascla-ambialet.fr\/index.php\/2025\/09\/16\/exposition-ma-verdier\/\"><span style=\"color: #ffcc00;\"><strong>En savoir plus<\/strong><\/span><\/a><\/p>\t\t\t\t\t\t\t\t<\/div>\n\t\t\t\t<\/div>\n\t\t\t\t<\/div>\n\t\t\t\t<\/div>\n\t\t\t\t\t<\/div>\n\t\t\t\t<\/div>\n\t\t\t\t<\/div>\n\t\t","protected":false},"excerpt":{"rendered":"<p>Saison 2025 : six expositions, six univers \u00e0 d\u00e9couvrir Le planning 2025 est pr\u00eat !De juin \u00e0 septembre, six artistes partageront leurs cr\u00e9ations dans des lieux embl\u00e9matiques de la commune d\u2019Ambialet dans le Tarn.Cinq expositions se tiendront \u00e0 l\u2019\u00e9glise Saint-Gilles, fid\u00e8le \u00e0 la tradition culturelle estivale, et, pour la premi\u00e8re [&hellip;]<\/p>\n","protected":false},"author":1,"featured_media":0,"parent":0,"menu_order":0,"comment_status":"closed","ping_status":"closed","template":"page-templates\/template-pagebuilder-full-width.php","meta":{"footnotes":""},"class_list":["post-84","page","type-page","status-publish","hentry"],"yoast_head":"<!-- This site is optimized with the Yoast SEO plugin v26.1.1 - https:\/\/yoast.com\/wordpress\/plugins\/seo\/ -->\n<title>Expositions \u00e0 Ambialet : les rendez-vous de l&#039;\u00e9t\u00e9 dans le Tarn<\/title>\n<meta name=\"description\" content=\"Chaque \u00e9t\u00e9, l&#039;ASCLA propose une s\u00e9lection d&#039;expositions \u00e0 Ambialet (Tarn) : peinture, photographie, sculpture, arts plastiques...\" \/>\n<meta name=\"robots\" content=\"index, follow, max-snippet:-1, max-image-preview:large, max-video-preview:-1\" \/>\n<link rel=\"canonical\" href=\"https:\/\/ascla-ambialet.fr\/index.php\/expositions-a-ambialet\/\" \/>\n<meta property=\"og:locale\" content=\"fr_FR\" \/>\n<meta property=\"og:type\" content=\"article\" \/>\n<meta property=\"og:title\" content=\"Expositions \u00e0 Ambialet : les rendez-vous de l&#039;\u00e9t\u00e9 dans le Tarn\" \/>\n<meta property=\"og:description\" content=\"Chaque \u00e9t\u00e9, l&#039;ASCLA propose une s\u00e9lection d&#039;expositions \u00e0 Ambialet (Tarn) : peinture, photographie, sculpture, arts plastiques...\" \/>\n<meta property=\"og:url\" content=\"https:\/\/ascla-ambialet.fr\/index.php\/expositions-a-ambialet\/\" \/>\n<meta property=\"og:site_name\" content=\"ASCLA\" \/>\n<meta property=\"article:modified_time\" content=\"2026-03-04T13:09:17+00:00\" \/>\n<meta property=\"og:image\" content=\"https:\/\/ascla-ambialet.fr\/wp-content\/uploads\/2025\/06\/affiche-Devarrewaere.jpg\" \/>\n<meta name=\"twitter:card\" content=\"summary_large_image\" \/>\n<script type=\"application\/ld+json\" class=\"yoast-schema-graph\">{\"@context\":\"https:\/\/schema.org\",\"@graph\":[{\"@type\":\"WebPage\",\"@id\":\"https:\/\/ascla-ambialet.fr\/index.php\/expositions-a-ambialet\/\",\"url\":\"https:\/\/ascla-ambialet.fr\/index.php\/expositions-a-ambialet\/\",\"name\":\"Expositions \u00e0 Ambialet : les rendez-vous de l'\u00e9t\u00e9 dans le Tarn\",\"isPartOf\":{\"@id\":\"https:\/\/ascla-ambialet.fr\/#website\"},\"primaryImageOfPage\":{\"@id\":\"https:\/\/ascla-ambialet.fr\/index.php\/expositions-a-ambialet\/#primaryimage\"},\"image\":{\"@id\":\"https:\/\/ascla-ambialet.fr\/index.php\/expositions-a-ambialet\/#primaryimage\"},\"thumbnailUrl\":\"https:\/\/ascla-ambialet.fr\/wp-content\/uploads\/2025\/06\/affiche-Devarrewaere.jpg\",\"datePublished\":\"2025-05-27T10:47:41+00:00\",\"dateModified\":\"2026-03-04T13:09:17+00:00\",\"description\":\"Chaque \u00e9t\u00e9, l'ASCLA propose une s\u00e9lection d'expositions \u00e0 Ambialet (Tarn) : peinture, photographie, sculpture, arts plastiques...\",\"breadcrumb\":{\"@id\":\"https:\/\/ascla-ambialet.fr\/index.php\/expositions-a-ambialet\/#breadcrumb\"},\"inLanguage\":\"fr-FR\",\"potentialAction\":[{\"@type\":\"ReadAction\",\"target\":[\"https:\/\/ascla-ambialet.fr\/index.php\/expositions-a-ambialet\/\"]}]},{\"@type\":\"ImageObject\",\"inLanguage\":\"fr-FR\",\"@id\":\"https:\/\/ascla-ambialet.fr\/index.php\/expositions-a-ambialet\/#primaryimage\",\"url\":\"https:\/\/ascla-ambialet.fr\/wp-content\/uploads\/2025\/06\/affiche-Devarrewaere.jpg\",\"contentUrl\":\"https:\/\/ascla-ambialet.fr\/wp-content\/uploads\/2025\/06\/affiche-Devarrewaere.jpg\",\"width\":670,\"height\":943,\"caption\":\"Expositions \u00e0 Ambialet_R\u00e9gine DEVARREWAERE\"},{\"@type\":\"BreadcrumbList\",\"@id\":\"https:\/\/ascla-ambialet.fr\/index.php\/expositions-a-ambialet\/#breadcrumb\",\"itemListElement\":[{\"@type\":\"ListItem\",\"position\":1,\"name\":\"Accueil\",\"item\":\"https:\/\/ascla-ambialet.fr\/\"},{\"@type\":\"ListItem\",\"position\":2,\"name\":\"Expositions 2025\"}]},{\"@type\":\"WebSite\",\"@id\":\"https:\/\/ascla-ambialet.fr\/#website\",\"url\":\"https:\/\/ascla-ambialet.fr\/\",\"name\":\"ASCLA\",\"description\":\"\",\"publisher\":{\"@id\":\"https:\/\/ascla-ambialet.fr\/#organization\"},\"potentialAction\":[{\"@type\":\"SearchAction\",\"target\":{\"@type\":\"EntryPoint\",\"urlTemplate\":\"https:\/\/ascla-ambialet.fr\/?s={search_term_string}\"},\"query-input\":{\"@type\":\"PropertyValueSpecification\",\"valueRequired\":true,\"valueName\":\"search_term_string\"}}],\"inLanguage\":\"fr-FR\"},{\"@type\":\"Organization\",\"@id\":\"https:\/\/ascla-ambialet.fr\/#organization\",\"name\":\"ASCLA\",\"url\":\"https:\/\/ascla-ambialet.fr\/\",\"logo\":{\"@type\":\"ImageObject\",\"inLanguage\":\"fr-FR\",\"@id\":\"https:\/\/ascla-ambialet.fr\/#\/schema\/logo\/image\/\",\"url\":\"https:\/\/ascla-ambialet.fr\/wp-content\/uploads\/2025\/05\/Design-sans-titre11.png\",\"contentUrl\":\"https:\/\/ascla-ambialet.fr\/wp-content\/uploads\/2025\/05\/Design-sans-titre11.png\",\"width\":800,\"height\":800,\"caption\":\"ASCLA\"},\"image\":{\"@id\":\"https:\/\/ascla-ambialet.fr\/#\/schema\/logo\/image\/\"}}]}<\/script>\n<!-- \/ Yoast SEO plugin. -->","yoast_head_json":{"title":"Expositions \u00e0 Ambialet : les rendez-vous de l'\u00e9t\u00e9 dans le Tarn","description":"Chaque \u00e9t\u00e9, l'ASCLA propose une s\u00e9lection d'expositions \u00e0 Ambialet (Tarn) : peinture, photographie, sculpture, arts plastiques...","robots":{"index":"index","follow":"follow","max-snippet":"max-snippet:-1","max-image-preview":"max-image-preview:large","max-video-preview":"max-video-preview:-1"},"canonical":"https:\/\/ascla-ambialet.fr\/index.php\/expositions-a-ambialet\/","og_locale":"fr_FR","og_type":"article","og_title":"Expositions \u00e0 Ambialet : les rendez-vous de l'\u00e9t\u00e9 dans le Tarn","og_description":"Chaque \u00e9t\u00e9, l'ASCLA propose une s\u00e9lection d'expositions \u00e0 Ambialet (Tarn) : peinture, photographie, sculpture, arts plastiques...","og_url":"https:\/\/ascla-ambialet.fr\/index.php\/expositions-a-ambialet\/","og_site_name":"ASCLA","article_modified_time":"2026-03-04T13:09:17+00:00","og_image":[{"url":"https:\/\/ascla-ambialet.fr\/wp-content\/uploads\/2025\/06\/affiche-Devarrewaere.jpg","type":"","width":"","height":""}],"twitter_card":"summary_large_image","schema":{"@context":"https:\/\/schema.org","@graph":[{"@type":"WebPage","@id":"https:\/\/ascla-ambialet.fr\/index.php\/expositions-a-ambialet\/","url":"https:\/\/ascla-ambialet.fr\/index.php\/expositions-a-ambialet\/","name":"Expositions \u00e0 Ambialet : les rendez-vous de l'\u00e9t\u00e9 dans le Tarn","isPartOf":{"@id":"https:\/\/ascla-ambialet.fr\/#website"},"primaryImageOfPage":{"@id":"https:\/\/ascla-ambialet.fr\/index.php\/expositions-a-ambialet\/#primaryimage"},"image":{"@id":"https:\/\/ascla-ambialet.fr\/index.php\/expositions-a-ambialet\/#primaryimage"},"thumbnailUrl":"https:\/\/ascla-ambialet.fr\/wp-content\/uploads\/2025\/06\/affiche-Devarrewaere.jpg","datePublished":"2025-05-27T10:47:41+00:00","dateModified":"2026-03-04T13:09:17+00:00","description":"Chaque \u00e9t\u00e9, l'ASCLA propose une s\u00e9lection d'expositions \u00e0 Ambialet (Tarn) : peinture, photographie, sculpture, arts plastiques...","breadcrumb":{"@id":"https:\/\/ascla-ambialet.fr\/index.php\/expositions-a-ambialet\/#breadcrumb"},"inLanguage":"fr-FR","potentialAction":[{"@type":"ReadAction","target":["https:\/\/ascla-ambialet.fr\/index.php\/expositions-a-ambialet\/"]}]},{"@type":"ImageObject","inLanguage":"fr-FR","@id":"https:\/\/ascla-ambialet.fr\/index.php\/expositions-a-ambialet\/#primaryimage","url":"https:\/\/ascla-ambialet.fr\/wp-content\/uploads\/2025\/06\/affiche-Devarrewaere.jpg","contentUrl":"https:\/\/ascla-ambialet.fr\/wp-content\/uploads\/2025\/06\/affiche-Devarrewaere.jpg","width":670,"height":943,"caption":"Expositions \u00e0 Ambialet_R\u00e9gine DEVARREWAERE"},{"@type":"BreadcrumbList","@id":"https:\/\/ascla-ambialet.fr\/index.php\/expositions-a-ambialet\/#breadcrumb","itemListElement":[{"@type":"ListItem","position":1,"name":"Accueil","item":"https:\/\/ascla-ambialet.fr\/"},{"@type":"ListItem","position":2,"name":"Expositions 2025"}]},{"@type":"WebSite","@id":"https:\/\/ascla-ambialet.fr\/#website","url":"https:\/\/ascla-ambialet.fr\/","name":"ASCLA","description":"","publisher":{"@id":"https:\/\/ascla-ambialet.fr\/#organization"},"potentialAction":[{"@type":"SearchAction","target":{"@type":"EntryPoint","urlTemplate":"https:\/\/ascla-ambialet.fr\/?s={search_term_string}"},"query-input":{"@type":"PropertyValueSpecification","valueRequired":true,"valueName":"search_term_string"}}],"inLanguage":"fr-FR"},{"@type":"Organization","@id":"https:\/\/ascla-ambialet.fr\/#organization","name":"ASCLA","url":"https:\/\/ascla-ambialet.fr\/","logo":{"@type":"ImageObject","inLanguage":"fr-FR","@id":"https:\/\/ascla-ambialet.fr\/#\/schema\/logo\/image\/","url":"https:\/\/ascla-ambialet.fr\/wp-content\/uploads\/2025\/05\/Design-sans-titre11.png","contentUrl":"https:\/\/ascla-ambialet.fr\/wp-content\/uploads\/2025\/05\/Design-sans-titre11.png","width":800,"height":800,"caption":"ASCLA"},"image":{"@id":"https:\/\/ascla-ambialet.fr\/#\/schema\/logo\/image\/"}}]}},"_links":{"self":[{"href":"https:\/\/ascla-ambialet.fr\/index.php\/wp-json\/wp\/v2\/pages\/84","targetHints":{"allow":["GET"]}}],"collection":[{"href":"https:\/\/ascla-ambialet.fr\/index.php\/wp-json\/wp\/v2\/pages"}],"about":[{"href":"https:\/\/ascla-ambialet.fr\/index.php\/wp-json\/wp\/v2\/types\/page"}],"author":[{"embeddable":true,"href":"https:\/\/ascla-ambialet.fr\/index.php\/wp-json\/wp\/v2\/users\/1"}],"replies":[{"embeddable":true,"href":"https:\/\/ascla-ambialet.fr\/index.php\/wp-json\/wp\/v2\/comments?post=84"}],"version-history":[{"count":105,"href":"https:\/\/ascla-ambialet.fr\/index.php\/wp-json\/wp\/v2\/pages\/84\/revisions"}],"predecessor-version":[{"id":1294,"href":"https:\/\/ascla-ambialet.fr\/index.php\/wp-json\/wp\/v2\/pages\/84\/revisions\/1294"}],"wp:attachment":[{"href":"https:\/\/ascla-ambialet.fr\/index.php\/wp-json\/wp\/v2\/media?parent=84"}],"curies":[{"name":"wp","href":"https:\/\/api.w.org\/{rel}","templated":true}]}}