{"id":88,"date":"2025-05-27T12:47:41","date_gmt":"2025-05-27T10:47:41","guid":{"rendered":"http:\/\/ascla-ambialet.fr\/?page_id=88"},"modified":"2026-03-30T21:50:39","modified_gmt":"2026-03-30T19:50:39","slug":"theatre","status":"publish","type":"page","link":"https:\/\/ascla-ambialet.fr\/index.php\/theatre\/","title":{"rendered":"Th\u00e9\u00e2tre"},"content":{"rendered":"\t\t<div data-elementor-type=\"wp-page\" data-elementor-id=\"88\" class=\"elementor elementor-88\">\n\t\t\t\t<div class=\"elementor-element elementor-element-f9a4e80 e-flex e-con-boxed e-con e-parent\" data-id=\"f9a4e80\" data-element_type=\"container\">\n\t\t\t\t\t<div class=\"e-con-inner\">\n\t\t\t\t<div class=\"elementor-element elementor-element-4eb4d10 elementor-widget elementor-widget-spacer\" data-id=\"4eb4d10\" data-element_type=\"widget\" data-widget_type=\"spacer.default\">\n\t\t\t\t<div class=\"elementor-widget-container\">\n\t\t\t\t\t\t\t<div class=\"elementor-spacer\">\n\t\t\t<div class=\"elementor-spacer-inner\"><\/div>\n\t\t<\/div>\n\t\t\t\t\t\t<\/div>\n\t\t\t\t<\/div>\n\t\t\t\t<div class=\"elementor-element elementor-element-9938946 elementor-widget elementor-widget-heading\" data-id=\"9938946\" data-element_type=\"widget\" data-widget_type=\"heading.default\">\n\t\t\t\t<div class=\"elementor-widget-container\">\n\t\t\t\t\t<h1 class=\"elementor-heading-title elementor-size-default\">Th\u00e9\u00e2tre<\/h1>\t\t\t\t<\/div>\n\t\t\t\t<\/div>\n\t\t\t\t\t<\/div>\n\t\t\t\t<\/div>\n\t\t<div class=\"elementor-element elementor-element-2fa5833 e-con-full e-flex e-con e-parent\" data-id=\"2fa5833\" data-element_type=\"container\">\n\t\t<div class=\"elementor-element elementor-element-952b89f e-con-full e-flex e-con e-child\" data-id=\"952b89f\" data-element_type=\"container\">\n\t\t\t\t<div class=\"elementor-element elementor-element-d68e60c elementor-widget elementor-widget-image\" data-id=\"d68e60c\" data-element_type=\"widget\" data-widget_type=\"image.default\">\n\t\t\t\t<div class=\"elementor-widget-container\">\n\t\t\t\t\t\t\t\t\t\t\t\t\t\t\t<img fetchpriority=\"high\" decoding=\"async\" width=\"885\" height=\"500\" src=\"https:\/\/ascla-ambialet.fr\/wp-content\/uploads\/2025\/06\/theatre-ascla.jpg\" class=\"attachment-1536x1536 size-1536x1536 wp-image-359\" alt=\"La troupe du Pied lev\u00e9 de l&#039;ASCLA \u00e0 Ambialet\" srcset=\"https:\/\/ascla-ambialet.fr\/wp-content\/uploads\/2025\/06\/theatre-ascla.jpg 885w, https:\/\/ascla-ambialet.fr\/wp-content\/uploads\/2025\/06\/theatre-ascla-300x169.jpg 300w, https:\/\/ascla-ambialet.fr\/wp-content\/uploads\/2025\/06\/theatre-ascla-768x434.jpg 768w\" sizes=\"(max-width: 885px) 100vw, 885px\" \/>\t\t\t\t\t\t\t\t\t\t\t\t\t\t\t<\/div>\n\t\t\t\t<\/div>\n\t\t\t\t<\/div>\n\t\t<div class=\"elementor-element elementor-element-c38c9c4 e-con-full e-flex e-con e-child\" data-id=\"c38c9c4\" data-element_type=\"container\">\n\t\t\t\t<div class=\"elementor-element elementor-element-8ae6c7c elementor-widget elementor-widget-text-editor\" data-id=\"8ae6c7c\" data-element_type=\"widget\" data-widget_type=\"text-editor.default\">\n\t\t\t\t<div class=\"elementor-widget-container\">\n\t\t\t\t\t\t\t\t\t<p>Depuis 2022, la troupe amateur d\u2019Ambialet, <strong>\u00ab\u00a0Au pied lev\u00e9\u00a0\u00bb<\/strong>, investit la sc\u00e8ne deux fois par an,\u00a0 dans la salle polyvalente de La Condamine.<br \/>Leur programme, intitul\u00e9 <strong>\u00ab\u00a0Juste pour rire\u00a0\u00bb<\/strong>, m\u00eale sketches et courtes pi\u00e8ces de th\u00e9\u00e2tre, dans une ambiance l\u00e9g\u00e8re et joyeuse.<br \/>Le plaisir de jouer se double d\u2019un vrai bonheur de partager avec le public des moments de rire et de convivialit\u00e9. Un spectacle accessible \u00e0 tous, qui rompt avec l\u2019isolement et fait vibrer le c\u0153ur du village \u2013 le tout, bien s\u00fbr, gr\u00e2ce \u00e0 l\u2019\u00e9nergie de l\u2019ASCLA.<\/p>\t\t\t\t\t\t\t\t<\/div>\n\t\t\t\t<\/div>\n\t\t\t\t<\/div>\n\t\t\t\t<\/div>\n\t\t<div class=\"elementor-element elementor-element-0605417 e-flex e-con-boxed e-con e-parent\" data-id=\"0605417\" data-element_type=\"container\">\n\t\t\t\t\t<div class=\"e-con-inner\">\n\t\t\t\t<div class=\"elementor-element elementor-element-d303adb elementor-widget elementor-widget-heading\" data-id=\"d303adb\" data-element_type=\"widget\" data-widget_type=\"heading.default\">\n\t\t\t\t<div class=\"elementor-widget-container\">\n\t\t\t\t\t<h2 class=\"elementor-heading-title elementor-size-default\">Nos repr\u00e9sentations 2026<\/h2>\t\t\t\t<\/div>\n\t\t\t\t<\/div>\n\t\t\t\t\t<\/div>\n\t\t\t\t<\/div>\n\t\t<div class=\"elementor-element elementor-element-8be6926 e-flex e-con-boxed e-con e-parent\" data-id=\"8be6926\" data-element_type=\"container\">\n\t\t\t\t\t<div class=\"e-con-inner\">\n\t\t\t\t\t<\/div>\n\t\t\t\t<\/div>\n\t\t<div class=\"elementor-element elementor-element-0173db6 e-flex e-con-boxed e-con e-parent\" data-id=\"0173db6\" data-element_type=\"container\">\n\t\t\t\t\t<div class=\"e-con-inner\">\n\t\t\t\t<div class=\"elementor-element elementor-element-e7768f7 elementor-widget elementor-widget-image\" data-id=\"e7768f7\" data-element_type=\"widget\" data-widget_type=\"image.default\">\n\t\t\t\t<div class=\"elementor-widget-container\">\n\t\t\t\t\t\t\t\t\t\t\t\t\t\t\t<img decoding=\"async\" width=\"688\" height=\"1024\" src=\"https:\/\/ascla-ambialet.fr\/wp-content\/uploads\/2026\/03\/theatre-2026-688x1024.jpeg\" class=\"attachment-large size-large wp-image-1337\" alt=\"\" srcset=\"https:\/\/ascla-ambialet.fr\/wp-content\/uploads\/2026\/03\/theatre-2026-688x1024.jpeg 688w, https:\/\/ascla-ambialet.fr\/wp-content\/uploads\/2026\/03\/theatre-2026-202x300.jpeg 202w, https:\/\/ascla-ambialet.fr\/wp-content\/uploads\/2026\/03\/theatre-2026-768x1143.jpeg 768w, https:\/\/ascla-ambialet.fr\/wp-content\/uploads\/2026\/03\/theatre-2026-1032x1536.jpeg 1032w, https:\/\/ascla-ambialet.fr\/wp-content\/uploads\/2026\/03\/theatre-2026.jpeg 1075w\" sizes=\"(max-width: 688px) 100vw, 688px\" \/>\t\t\t\t\t\t\t\t\t\t\t\t\t\t\t<\/div>\n\t\t\t\t<\/div>\n\t\t\t\t\t<\/div>\n\t\t\t\t<\/div>\n\t\t\t\t<\/div>\n\t\t","protected":false},"excerpt":{"rendered":"<p>Th\u00e9\u00e2tre Depuis 2022, la troupe amateur d\u2019Ambialet, \u00ab\u00a0Au pied lev\u00e9\u00a0\u00bb, investit la sc\u00e8ne deux fois par an,\u00a0 dans la salle polyvalente de La Condamine.Leur programme, intitul\u00e9 \u00ab\u00a0Juste pour rire\u00a0\u00bb, m\u00eale sketches et courtes pi\u00e8ces de th\u00e9\u00e2tre, dans une ambiance l\u00e9g\u00e8re et joyeuse.Le plaisir de jouer se double d\u2019un vrai bonheur [&hellip;]<\/p>\n","protected":false},"author":1,"featured_media":0,"parent":0,"menu_order":0,"comment_status":"closed","ping_status":"closed","template":"page-templates\/template-pagebuilder-full-width.php","meta":{"footnotes":""},"class_list":["post-88","page","type-page","status-publish","hentry"],"yoast_head":"<!-- This site is optimized with the Yoast SEO plugin v26.1.1 - https:\/\/yoast.com\/wordpress\/plugins\/seo\/ -->\n<title>Th\u00e9\u00e2tre - ASCLA<\/title>\n<meta name=\"robots\" content=\"index, follow, max-snippet:-1, max-image-preview:large, max-video-preview:-1\" \/>\n<link rel=\"canonical\" href=\"https:\/\/ascla-ambialet.fr\/index.php\/theatre\/\" \/>\n<meta property=\"og:locale\" content=\"fr_FR\" \/>\n<meta property=\"og:type\" content=\"article\" \/>\n<meta property=\"og:title\" content=\"Th\u00e9\u00e2tre - ASCLA\" \/>\n<meta property=\"og:description\" content=\"Th\u00e9\u00e2tre Depuis 2022, la troupe amateur d\u2019Ambialet, \u00ab\u00a0Au pied lev\u00e9\u00a0\u00bb, investit la sc\u00e8ne deux fois par an,\u00a0 dans la salle polyvalente de La Condamine.Leur programme, intitul\u00e9 \u00ab\u00a0Juste pour rire\u00a0\u00bb, m\u00eale sketches et courtes pi\u00e8ces de th\u00e9\u00e2tre, dans une ambiance l\u00e9g\u00e8re et joyeuse.Le plaisir de jouer se double d\u2019un vrai bonheur [&hellip;]\" \/>\n<meta property=\"og:url\" content=\"https:\/\/ascla-ambialet.fr\/index.php\/theatre\/\" \/>\n<meta property=\"og:site_name\" content=\"ASCLA\" \/>\n<meta property=\"article:modified_time\" content=\"2026-03-30T19:50:39+00:00\" \/>\n<meta property=\"og:image\" content=\"https:\/\/ascla-ambialet.fr\/wp-content\/uploads\/2025\/06\/theatre-ascla.jpg\" \/>\n\t<meta property=\"og:image:width\" content=\"885\" \/>\n\t<meta property=\"og:image:height\" content=\"500\" \/>\n\t<meta property=\"og:image:type\" content=\"image\/jpeg\" \/>\n<meta name=\"twitter:card\" content=\"summary_large_image\" \/>\n<meta name=\"twitter:label1\" content=\"Dur\u00e9e de lecture estim\u00e9e\" \/>\n\t<meta name=\"twitter:data1\" content=\"1 minute\" \/>\n<script type=\"application\/ld+json\" class=\"yoast-schema-graph\">{\"@context\":\"https:\/\/schema.org\",\"@graph\":[{\"@type\":\"WebPage\",\"@id\":\"https:\/\/ascla-ambialet.fr\/index.php\/theatre\/\",\"url\":\"https:\/\/ascla-ambialet.fr\/index.php\/theatre\/\",\"name\":\"Th\u00e9\u00e2tre - ASCLA\",\"isPartOf\":{\"@id\":\"https:\/\/ascla-ambialet.fr\/#website\"},\"primaryImageOfPage\":{\"@id\":\"https:\/\/ascla-ambialet.fr\/index.php\/theatre\/#primaryimage\"},\"image\":{\"@id\":\"https:\/\/ascla-ambialet.fr\/index.php\/theatre\/#primaryimage\"},\"thumbnailUrl\":\"https:\/\/ascla-ambialet.fr\/wp-content\/uploads\/2025\/06\/theatre-ascla.jpg\",\"datePublished\":\"2025-05-27T10:47:41+00:00\",\"dateModified\":\"2026-03-30T19:50:39+00:00\",\"breadcrumb\":{\"@id\":\"https:\/\/ascla-ambialet.fr\/index.php\/theatre\/#breadcrumb\"},\"inLanguage\":\"fr-FR\",\"potentialAction\":[{\"@type\":\"ReadAction\",\"target\":[\"https:\/\/ascla-ambialet.fr\/index.php\/theatre\/\"]}]},{\"@type\":\"ImageObject\",\"inLanguage\":\"fr-FR\",\"@id\":\"https:\/\/ascla-ambialet.fr\/index.php\/theatre\/#primaryimage\",\"url\":\"https:\/\/ascla-ambialet.fr\/wp-content\/uploads\/2025\/06\/theatre-ascla.jpg\",\"contentUrl\":\"https:\/\/ascla-ambialet.fr\/wp-content\/uploads\/2025\/06\/theatre-ascla.jpg\",\"width\":885,\"height\":500,\"caption\":\"La troupe du Pied lev\u00e9 de l'ASCLA \u00e0 Ambialet\"},{\"@type\":\"BreadcrumbList\",\"@id\":\"https:\/\/ascla-ambialet.fr\/index.php\/theatre\/#breadcrumb\",\"itemListElement\":[{\"@type\":\"ListItem\",\"position\":1,\"name\":\"Accueil\",\"item\":\"https:\/\/ascla-ambialet.fr\/\"},{\"@type\":\"ListItem\",\"position\":2,\"name\":\"Th\u00e9\u00e2tre\"}]},{\"@type\":\"WebSite\",\"@id\":\"https:\/\/ascla-ambialet.fr\/#website\",\"url\":\"https:\/\/ascla-ambialet.fr\/\",\"name\":\"ASCLA\",\"description\":\"\",\"publisher\":{\"@id\":\"https:\/\/ascla-ambialet.fr\/#organization\"},\"potentialAction\":[{\"@type\":\"SearchAction\",\"target\":{\"@type\":\"EntryPoint\",\"urlTemplate\":\"https:\/\/ascla-ambialet.fr\/?s={search_term_string}\"},\"query-input\":{\"@type\":\"PropertyValueSpecification\",\"valueRequired\":true,\"valueName\":\"search_term_string\"}}],\"inLanguage\":\"fr-FR\"},{\"@type\":\"Organization\",\"@id\":\"https:\/\/ascla-ambialet.fr\/#organization\",\"name\":\"ASCLA\",\"url\":\"https:\/\/ascla-ambialet.fr\/\",\"logo\":{\"@type\":\"ImageObject\",\"inLanguage\":\"fr-FR\",\"@id\":\"https:\/\/ascla-ambialet.fr\/#\/schema\/logo\/image\/\",\"url\":\"https:\/\/ascla-ambialet.fr\/wp-content\/uploads\/2025\/05\/Design-sans-titre11.png\",\"contentUrl\":\"https:\/\/ascla-ambialet.fr\/wp-content\/uploads\/2025\/05\/Design-sans-titre11.png\",\"width\":800,\"height\":800,\"caption\":\"ASCLA\"},\"image\":{\"@id\":\"https:\/\/ascla-ambialet.fr\/#\/schema\/logo\/image\/\"}}]}<\/script>\n<!-- \/ Yoast SEO plugin. -->","yoast_head_json":{"title":"Th\u00e9\u00e2tre - ASCLA","robots":{"index":"index","follow":"follow","max-snippet":"max-snippet:-1","max-image-preview":"max-image-preview:large","max-video-preview":"max-video-preview:-1"},"canonical":"https:\/\/ascla-ambialet.fr\/index.php\/theatre\/","og_locale":"fr_FR","og_type":"article","og_title":"Th\u00e9\u00e2tre - ASCLA","og_description":"Th\u00e9\u00e2tre Depuis 2022, la troupe amateur d\u2019Ambialet, \u00ab\u00a0Au pied lev\u00e9\u00a0\u00bb, investit la sc\u00e8ne deux fois par an,\u00a0 dans la salle polyvalente de La Condamine.Leur programme, intitul\u00e9 \u00ab\u00a0Juste pour rire\u00a0\u00bb, m\u00eale sketches et courtes pi\u00e8ces de th\u00e9\u00e2tre, dans une ambiance l\u00e9g\u00e8re et joyeuse.Le plaisir de jouer se double d\u2019un vrai bonheur [&hellip;]","og_url":"https:\/\/ascla-ambialet.fr\/index.php\/theatre\/","og_site_name":"ASCLA","article_modified_time":"2026-03-30T19:50:39+00:00","og_image":[{"width":885,"height":500,"url":"https:\/\/ascla-ambialet.fr\/wp-content\/uploads\/2025\/06\/theatre-ascla.jpg","type":"image\/jpeg"}],"twitter_card":"summary_large_image","twitter_misc":{"Dur\u00e9e de lecture estim\u00e9e":"1 minute"},"schema":{"@context":"https:\/\/schema.org","@graph":[{"@type":"WebPage","@id":"https:\/\/ascla-ambialet.fr\/index.php\/theatre\/","url":"https:\/\/ascla-ambialet.fr\/index.php\/theatre\/","name":"Th\u00e9\u00e2tre - ASCLA","isPartOf":{"@id":"https:\/\/ascla-ambialet.fr\/#website"},"primaryImageOfPage":{"@id":"https:\/\/ascla-ambialet.fr\/index.php\/theatre\/#primaryimage"},"image":{"@id":"https:\/\/ascla-ambialet.fr\/index.php\/theatre\/#primaryimage"},"thumbnailUrl":"https:\/\/ascla-ambialet.fr\/wp-content\/uploads\/2025\/06\/theatre-ascla.jpg","datePublished":"2025-05-27T10:47:41+00:00","dateModified":"2026-03-30T19:50:39+00:00","breadcrumb":{"@id":"https:\/\/ascla-ambialet.fr\/index.php\/theatre\/#breadcrumb"},"inLanguage":"fr-FR","potentialAction":[{"@type":"ReadAction","target":["https:\/\/ascla-ambialet.fr\/index.php\/theatre\/"]}]},{"@type":"ImageObject","inLanguage":"fr-FR","@id":"https:\/\/ascla-ambialet.fr\/index.php\/theatre\/#primaryimage","url":"https:\/\/ascla-ambialet.fr\/wp-content\/uploads\/2025\/06\/theatre-ascla.jpg","contentUrl":"https:\/\/ascla-ambialet.fr\/wp-content\/uploads\/2025\/06\/theatre-ascla.jpg","width":885,"height":500,"caption":"La troupe du Pied lev\u00e9 de l'ASCLA \u00e0 Ambialet"},{"@type":"BreadcrumbList","@id":"https:\/\/ascla-ambialet.fr\/index.php\/theatre\/#breadcrumb","itemListElement":[{"@type":"ListItem","position":1,"name":"Accueil","item":"https:\/\/ascla-ambialet.fr\/"},{"@type":"ListItem","position":2,"name":"Th\u00e9\u00e2tre"}]},{"@type":"WebSite","@id":"https:\/\/ascla-ambialet.fr\/#website","url":"https:\/\/ascla-ambialet.fr\/","name":"ASCLA","description":"","publisher":{"@id":"https:\/\/ascla-ambialet.fr\/#organization"},"potentialAction":[{"@type":"SearchAction","target":{"@type":"EntryPoint","urlTemplate":"https:\/\/ascla-ambialet.fr\/?s={search_term_string}"},"query-input":{"@type":"PropertyValueSpecification","valueRequired":true,"valueName":"search_term_string"}}],"inLanguage":"fr-FR"},{"@type":"Organization","@id":"https:\/\/ascla-ambialet.fr\/#organization","name":"ASCLA","url":"https:\/\/ascla-ambialet.fr\/","logo":{"@type":"ImageObject","inLanguage":"fr-FR","@id":"https:\/\/ascla-ambialet.fr\/#\/schema\/logo\/image\/","url":"https:\/\/ascla-ambialet.fr\/wp-content\/uploads\/2025\/05\/Design-sans-titre11.png","contentUrl":"https:\/\/ascla-ambialet.fr\/wp-content\/uploads\/2025\/05\/Design-sans-titre11.png","width":800,"height":800,"caption":"ASCLA"},"image":{"@id":"https:\/\/ascla-ambialet.fr\/#\/schema\/logo\/image\/"}}]}},"_links":{"self":[{"href":"https:\/\/ascla-ambialet.fr\/index.php\/wp-json\/wp\/v2\/pages\/88","targetHints":{"allow":["GET"]}}],"collection":[{"href":"https:\/\/ascla-ambialet.fr\/index.php\/wp-json\/wp\/v2\/pages"}],"about":[{"href":"https:\/\/ascla-ambialet.fr\/index.php\/wp-json\/wp\/v2\/types\/page"}],"author":[{"embeddable":true,"href":"https:\/\/ascla-ambialet.fr\/index.php\/wp-json\/wp\/v2\/users\/1"}],"replies":[{"embeddable":true,"href":"https:\/\/ascla-ambialet.fr\/index.php\/wp-json\/wp\/v2\/comments?post=88"}],"version-history":[{"count":51,"href":"https:\/\/ascla-ambialet.fr\/index.php\/wp-json\/wp\/v2\/pages\/88\/revisions"}],"predecessor-version":[{"id":1347,"href":"https:\/\/ascla-ambialet.fr\/index.php\/wp-json\/wp\/v2\/pages\/88\/revisions\/1347"}],"wp:attachment":[{"href":"https:\/\/ascla-ambialet.fr\/index.php\/wp-json\/wp\/v2\/media?parent=88"}],"curies":[{"name":"wp","href":"https:\/\/api.w.org\/{rel}","templated":true}]}}